{"id":761,"date":"2025-06-26T23:37:30","date_gmt":"2025-06-26T23:37:30","guid":{"rendered":"https:\/\/greenwaypr.com\/?post_type=product&#038;p=761"},"modified":"2025-07-28T19:54:00","modified_gmt":"2025-07-28T19:54:00","slug":"lubricante-personal-id-glide-almohadillas","status":"publish","type":"product","link":"https:\/\/greenwaypr.com\/en\/producto\/prevencion-vih-sida\/lubricantes\/lubricante-personal-id-glide-almohadillas\/","title":{"rendered":"Lubricante ID Glide &#8211; Almohadillas 3 ml"},"content":{"rendered":"","protected":false},"excerpt":{"rendered":"<ul>\n<li>Lubricante Personal ID Glide <em><strong>en l\u00e1minas de 3 ml<\/strong><\/em>, el lubricante personal original de ID.<\/li>\n<li>F\u00f3rmula ultraduradera, no mancha, sin olor y transparente, ampliamente probada para garantizar su seguridad.<\/li>\n<li>ID es una marca recomendada por m\u00e9dicos. Este lubricante suave y sedoso a base de agua no da\u00f1a el l\u00e1tex y no contiene nonoxinol-9.<\/li>\n<\/ul>\n","protected":false},"featured_media":574,"template":"","meta":[],"product_brand":[70],"product_cat":[158,72],"product_tag":[87,89,91,90,82,86,88],"class_list":{"0":"post-761","1":"product","2":"type-product","3":"status-publish","4":"has-post-thumbnail","6":"product_brand-id-brand","7":"product_cat-lubricantes","8":"product_cat-prevencion-vih-sida","9":"product_tag-amarillo","10":"product_tag-azul","11":"product_tag-lubricante","12":"product_tag-morado","13":"product_tag-naranja","14":"product_tag-rojo","15":"product_tag-verde","17":"first","18":"instock","19":"featured","20":"taxable","21":"shipping-taxable","22":"purchasable","23":"product-type-simple"},"yoast_head":"<!-- This site is optimized with the Yoast SEO plugin v27.4 - https:\/\/yoast.com\/product\/yoast-seo-wordpress\/ -->\n<title>Lubricante ID Glide - Almohadillas 3 ml - GreenWay International Corp<\/title>\n<meta name=\"robots\" content=\"index, follow, max-snippet:-1, max-image-preview:large, max-video-preview:-1\" \/>\n<link rel=\"canonical\" href=\"https:\/\/greenwaypr.com\/en\/producto\/prevencion-vih-sida\/lubricantes\/lubricante-personal-id-glide-almohadillas\/\" \/>\n<meta property=\"og:locale\" content=\"en_US\" \/>\n<meta property=\"og:type\" content=\"article\" \/>\n<meta property=\"og:title\" content=\"Lubricante ID Glide - Almohadillas 3 ml - GreenWay International Corp\" \/>\n<meta property=\"og:description\" content=\"Lubricante Personal ID Glide en l\u00e1minas de 3 ml, el lubricante personal original de ID.  F\u00f3rmula ultraduradera, no mancha, sin olor y transparente, ampliamente probada para garantizar su seguridad.  ID es una marca recomendada por m\u00e9dicos. Este lubricante suave y sedoso a base de agua no da\u00f1a el l\u00e1tex y no contiene nonoxinol-9.\" \/>\n<meta property=\"og:url\" content=\"https:\/\/greenwaypr.com\/en\/producto\/prevencion-vih-sida\/lubricantes\/lubricante-personal-id-glide-almohadillas\/\" \/>\n<meta property=\"og:site_name\" content=\"GreenWay International Corp\" \/>\n<meta property=\"article:modified_time\" content=\"2025-07-28T19:54:00+00:00\" \/>\n<meta property=\"og:image\" content=\"https:\/\/greenwaypr.com\/wp-content\/uploads\/2025\/06\/id-glide-lubricant-3ml-foil-id-g-l-f003-Photoroom.png\" \/>\n\t<meta property=\"og:image:width\" content=\"500\" \/>\n\t<meta property=\"og:image:height\" content=\"500\" \/>\n\t<meta property=\"og:image:type\" content=\"image\/png\" \/>\n<meta name=\"twitter:card\" content=\"summary_large_image\" \/>\n<meta name=\"twitter:label1\" content=\"Est. reading time\" \/>\n\t<meta name=\"twitter:data1\" content=\"1 minute\" \/>\n<script type=\"application\/ld+json\" class=\"yoast-schema-graph\">{\"@context\":\"https:\\\/\\\/schema.org\",\"@graph\":[{\"@type\":\"WebPage\",\"@id\":\"https:\\\/\\\/greenwaypr.com\\\/en\\\/producto\\\/prevencion-vih-sida\\\/lubricantes\\\/lubricante-personal-id-glide-almohadillas\\\/\",\"url\":\"https:\\\/\\\/greenwaypr.com\\\/en\\\/producto\\\/prevencion-vih-sida\\\/lubricantes\\\/lubricante-personal-id-glide-almohadillas\\\/\",\"name\":\"Lubricante ID Glide - Almohadillas 3 ml - GreenWay International Corp\",\"isPartOf\":{\"@id\":\"https:\\\/\\\/greenwaypr.com\\\/en\\\/#website\"},\"primaryImageOfPage\":{\"@id\":\"https:\\\/\\\/greenwaypr.com\\\/en\\\/producto\\\/prevencion-vih-sida\\\/lubricantes\\\/lubricante-personal-id-glide-almohadillas\\\/#primaryimage\"},\"image\":{\"@id\":\"https:\\\/\\\/greenwaypr.com\\\/en\\\/producto\\\/prevencion-vih-sida\\\/lubricantes\\\/lubricante-personal-id-glide-almohadillas\\\/#primaryimage\"},\"thumbnailUrl\":\"https:\\\/\\\/greenwaypr.com\\\/wp-content\\\/uploads\\\/2025\\\/06\\\/id-glide-lubricant-3ml-foil-id-g-l-f003-Photoroom.png\",\"datePublished\":\"2025-06-26T23:37:30+00:00\",\"dateModified\":\"2025-07-28T19:54:00+00:00\",\"breadcrumb\":{\"@id\":\"https:\\\/\\\/greenwaypr.com\\\/en\\\/producto\\\/prevencion-vih-sida\\\/lubricantes\\\/lubricante-personal-id-glide-almohadillas\\\/#breadcrumb\"},\"inLanguage\":\"en-US\",\"potentialAction\":[{\"@type\":\"ReadAction\",\"target\":[\"https:\\\/\\\/greenwaypr.com\\\/en\\\/producto\\\/prevencion-vih-sida\\\/lubricantes\\\/lubricante-personal-id-glide-almohadillas\\\/\"]}]},{\"@type\":\"ImageObject\",\"inLanguage\":\"en-US\",\"@id\":\"https:\\\/\\\/greenwaypr.com\\\/en\\\/producto\\\/prevencion-vih-sida\\\/lubricantes\\\/lubricante-personal-id-glide-almohadillas\\\/#primaryimage\",\"url\":\"https:\\\/\\\/greenwaypr.com\\\/wp-content\\\/uploads\\\/2025\\\/06\\\/id-glide-lubricant-3ml-foil-id-g-l-f003-Photoroom.png\",\"contentUrl\":\"https:\\\/\\\/greenwaypr.com\\\/wp-content\\\/uploads\\\/2025\\\/06\\\/id-glide-lubricant-3ml-foil-id-g-l-f003-Photoroom.png\",\"width\":500,\"height\":500},{\"@type\":\"BreadcrumbList\",\"@id\":\"https:\\\/\\\/greenwaypr.com\\\/en\\\/producto\\\/prevencion-vih-sida\\\/lubricantes\\\/lubricante-personal-id-glide-almohadillas\\\/#breadcrumb\",\"itemListElement\":[{\"@type\":\"ListItem\",\"position\":1,\"name\":\"Portada\",\"item\":\"https:\\\/\\\/greenwaypr.com\\\/en\\\/\"},{\"@type\":\"ListItem\",\"position\":2,\"name\":\"Shop\",\"item\":\"https:\\\/\\\/greenwaypr.com\\\/en\\\/shop\\\/\"},{\"@type\":\"ListItem\",\"position\":3,\"name\":\"Lubricante ID Glide &#8211; Almohadillas 3 ml\"}]},{\"@type\":\"WebSite\",\"@id\":\"https:\\\/\\\/greenwaypr.com\\\/en\\\/#website\",\"url\":\"https:\\\/\\\/greenwaypr.com\\\/en\\\/\",\"name\":\"GreenWay International Corp\",\"description\":\"Working hard today for a better future\",\"publisher\":{\"@id\":\"https:\\\/\\\/greenwaypr.com\\\/en\\\/#organization\"},\"potentialAction\":[{\"@type\":\"SearchAction\",\"target\":{\"@type\":\"EntryPoint\",\"urlTemplate\":\"https:\\\/\\\/greenwaypr.com\\\/en\\\/?s={search_term_string}\"},\"query-input\":{\"@type\":\"PropertyValueSpecification\",\"valueRequired\":true,\"valueName\":\"search_term_string\"}}],\"inLanguage\":\"en-US\"},{\"@type\":\"Organization\",\"@id\":\"https:\\\/\\\/greenwaypr.com\\\/en\\\/#organization\",\"name\":\"Greenway\",\"url\":\"https:\\\/\\\/greenwaypr.com\\\/en\\\/\",\"logo\":{\"@type\":\"ImageObject\",\"inLanguage\":\"en-US\",\"@id\":\"https:\\\/\\\/greenwaypr.com\\\/en\\\/#\\\/schema\\\/logo\\\/image\\\/\",\"url\":\"https:\\\/\\\/greenwaypr.com\\\/wp-content\\\/uploads\\\/2025\\\/05\\\/LOGO-GREENWAY-V1.1-COLOR.svg\",\"contentUrl\":\"https:\\\/\\\/greenwaypr.com\\\/wp-content\\\/uploads\\\/2025\\\/05\\\/LOGO-GREENWAY-V1.1-COLOR.svg\",\"width\":1403,\"height\":415,\"caption\":\"Greenway\"},\"image\":{\"@id\":\"https:\\\/\\\/greenwaypr.com\\\/en\\\/#\\\/schema\\\/logo\\\/image\\\/\"}}]}<\/script>\n<!-- \/ Yoast SEO plugin. -->","yoast_head_json":{"title":"Lubricante ID Glide - Almohadillas 3 ml - GreenWay International Corp","robots":{"index":"index","follow":"follow","max-snippet":"max-snippet:-1","max-image-preview":"max-image-preview:large","max-video-preview":"max-video-preview:-1"},"canonical":"https:\/\/greenwaypr.com\/en\/producto\/prevencion-vih-sida\/lubricantes\/lubricante-personal-id-glide-almohadillas\/","og_locale":"en_US","og_type":"article","og_title":"Lubricante ID Glide - Almohadillas 3 ml - GreenWay International Corp","og_description":"Lubricante Personal ID Glide en l\u00e1minas de 3 ml, el lubricante personal original de ID.  F\u00f3rmula ultraduradera, no mancha, sin olor y transparente, ampliamente probada para garantizar su seguridad.  ID es una marca recomendada por m\u00e9dicos. Este lubricante suave y sedoso a base de agua no da\u00f1a el l\u00e1tex y no contiene nonoxinol-9.","og_url":"https:\/\/greenwaypr.com\/en\/producto\/prevencion-vih-sida\/lubricantes\/lubricante-personal-id-glide-almohadillas\/","og_site_name":"GreenWay International Corp","article_modified_time":"2025-07-28T19:54:00+00:00","og_image":[{"width":500,"height":500,"url":"https:\/\/greenwaypr.com\/wp-content\/uploads\/2025\/06\/id-glide-lubricant-3ml-foil-id-g-l-f003-Photoroom.png","type":"image\/png"}],"twitter_card":"summary_large_image","twitter_misc":{"Est. reading time":"1 minute"},"schema":{"@context":"https:\/\/schema.org","@graph":[{"@type":"WebPage","@id":"https:\/\/greenwaypr.com\/en\/producto\/prevencion-vih-sida\/lubricantes\/lubricante-personal-id-glide-almohadillas\/","url":"https:\/\/greenwaypr.com\/en\/producto\/prevencion-vih-sida\/lubricantes\/lubricante-personal-id-glide-almohadillas\/","name":"Lubricante ID Glide - Almohadillas 3 ml - GreenWay International Corp","isPartOf":{"@id":"https:\/\/greenwaypr.com\/en\/#website"},"primaryImageOfPage":{"@id":"https:\/\/greenwaypr.com\/en\/producto\/prevencion-vih-sida\/lubricantes\/lubricante-personal-id-glide-almohadillas\/#primaryimage"},"image":{"@id":"https:\/\/greenwaypr.com\/en\/producto\/prevencion-vih-sida\/lubricantes\/lubricante-personal-id-glide-almohadillas\/#primaryimage"},"thumbnailUrl":"https:\/\/greenwaypr.com\/wp-content\/uploads\/2025\/06\/id-glide-lubricant-3ml-foil-id-g-l-f003-Photoroom.png","datePublished":"2025-06-26T23:37:30+00:00","dateModified":"2025-07-28T19:54:00+00:00","breadcrumb":{"@id":"https:\/\/greenwaypr.com\/en\/producto\/prevencion-vih-sida\/lubricantes\/lubricante-personal-id-glide-almohadillas\/#breadcrumb"},"inLanguage":"en-US","potentialAction":[{"@type":"ReadAction","target":["https:\/\/greenwaypr.com\/en\/producto\/prevencion-vih-sida\/lubricantes\/lubricante-personal-id-glide-almohadillas\/"]}]},{"@type":"ImageObject","inLanguage":"en-US","@id":"https:\/\/greenwaypr.com\/en\/producto\/prevencion-vih-sida\/lubricantes\/lubricante-personal-id-glide-almohadillas\/#primaryimage","url":"https:\/\/greenwaypr.com\/wp-content\/uploads\/2025\/06\/id-glide-lubricant-3ml-foil-id-g-l-f003-Photoroom.png","contentUrl":"https:\/\/greenwaypr.com\/wp-content\/uploads\/2025\/06\/id-glide-lubricant-3ml-foil-id-g-l-f003-Photoroom.png","width":500,"height":500},{"@type":"BreadcrumbList","@id":"https:\/\/greenwaypr.com\/en\/producto\/prevencion-vih-sida\/lubricantes\/lubricante-personal-id-glide-almohadillas\/#breadcrumb","itemListElement":[{"@type":"ListItem","position":1,"name":"Portada","item":"https:\/\/greenwaypr.com\/en\/"},{"@type":"ListItem","position":2,"name":"Shop","item":"https:\/\/greenwaypr.com\/en\/shop\/"},{"@type":"ListItem","position":3,"name":"Lubricante ID Glide &#8211; Almohadillas 3 ml"}]},{"@type":"WebSite","@id":"https:\/\/greenwaypr.com\/en\/#website","url":"https:\/\/greenwaypr.com\/en\/","name":"GreenWay International Corp","description":"Working hard today for a better future","publisher":{"@id":"https:\/\/greenwaypr.com\/en\/#organization"},"potentialAction":[{"@type":"SearchAction","target":{"@type":"EntryPoint","urlTemplate":"https:\/\/greenwaypr.com\/en\/?s={search_term_string}"},"query-input":{"@type":"PropertyValueSpecification","valueRequired":true,"valueName":"search_term_string"}}],"inLanguage":"en-US"},{"@type":"Organization","@id":"https:\/\/greenwaypr.com\/en\/#organization","name":"Greenway","url":"https:\/\/greenwaypr.com\/en\/","logo":{"@type":"ImageObject","inLanguage":"en-US","@id":"https:\/\/greenwaypr.com\/en\/#\/schema\/logo\/image\/","url":"https:\/\/greenwaypr.com\/wp-content\/uploads\/2025\/05\/LOGO-GREENWAY-V1.1-COLOR.svg","contentUrl":"https:\/\/greenwaypr.com\/wp-content\/uploads\/2025\/05\/LOGO-GREENWAY-V1.1-COLOR.svg","width":1403,"height":415,"caption":"Greenway"},"image":{"@id":"https:\/\/greenwaypr.com\/en\/#\/schema\/logo\/image\/"}}]}},"_links":{"self":[{"href":"https:\/\/greenwaypr.com\/en\/wp-json\/wp\/v2\/product\/761","targetHints":{"allow":["GET"]}}],"collection":[{"href":"https:\/\/greenwaypr.com\/en\/wp-json\/wp\/v2\/product"}],"about":[{"href":"https:\/\/greenwaypr.com\/en\/wp-json\/wp\/v2\/types\/product"}],"wp:featuredmedia":[{"embeddable":true,"href":"https:\/\/greenwaypr.com\/en\/wp-json\/wp\/v2\/media\/574"}],"wp:attachment":[{"href":"https:\/\/greenwaypr.com\/en\/wp-json\/wp\/v2\/media?parent=761"}],"wp:term":[{"taxonomy":"product_brand","embeddable":true,"href":"https:\/\/greenwaypr.com\/en\/wp-json\/wp\/v2\/product_brand?post=761"},{"taxonomy":"product_cat","embeddable":true,"href":"https:\/\/greenwaypr.com\/en\/wp-json\/wp\/v2\/product_cat?post=761"},{"taxonomy":"product_tag","embeddable":true,"href":"https:\/\/greenwaypr.com\/en\/wp-json\/wp\/v2\/product_tag?post=761"}],"curies":[{"name":"wp","href":"https:\/\/api.w.org\/{rel}","templated":true}]}}