{"id":741,"date":"2025-06-26T19:37:14","date_gmt":"2025-06-26T19:37:14","guid":{"rendered":"https:\/\/greenwaypr.com\/?post_type=product&#038;p=741"},"modified":"2025-07-28T19:59:00","modified_gmt":"2025-07-28T19:59:00","slug":"slipplery-stuff-lubricants-natural","status":"publish","type":"product","link":"https:\/\/greenwaypr.com\/en\/producto\/prevencion-vih-sida\/lubricantes\/slipplery-stuff-lubricants-natural\/","title":{"rendered":"Lubricantes Slipplery Stuff &#8211;  Bolsa 500 unidades"},"content":{"rendered":"","protected":false},"excerpt":{"rendered":"<ul>\n<li>El lubricante personal Slippery Stuff Gel realza el placer del contacto humano. Al usar este gel \u00fanico con condones, aumenta las sensaciones.<\/li>\n<li>Slippery Stuff es a base de agua, soluble en agua, seguro, higi\u00e9nico, inodoro, no mancha y de larga duraci\u00f3n.<\/li>\n<li>Si tienes sensibilidad a otros lubricantes, prueba el lubricante en gel Slippery Stuff; no te decepcionar\u00e1.<\/li>\n<\/ul>\n","protected":false},"featured_media":2005,"template":"","meta":[],"product_brand":[84],"product_cat":[158,72],"product_tag":[51,91],"class_list":{"0":"post-741","1":"product","2":"type-product","3":"status-publish","4":"has-post-thumbnail","6":"product_brand-slippery-stuff","7":"product_cat-lubricantes","8":"product_cat-prevencion-vih-sida","9":"product_tag-almayor","10":"product_tag-lubricante","12":"first","13":"instock","14":"taxable","15":"shipping-taxable","16":"purchasable","17":"product-type-simple"},"yoast_head":"<!-- This site is optimized with the Yoast SEO plugin v27.4 - https:\/\/yoast.com\/product\/yoast-seo-wordpress\/ -->\n<title>Lubricantes Slipplery Stuff - Bolsa 500 unidades - GreenWay International Corp<\/title>\n<meta name=\"robots\" content=\"index, follow, max-snippet:-1, max-image-preview:large, max-video-preview:-1\" \/>\n<link rel=\"canonical\" href=\"https:\/\/greenwaypr.com\/en\/producto\/prevencion-vih-sida\/lubricantes\/slipplery-stuff-lubricants-natural\/\" \/>\n<meta property=\"og:locale\" content=\"en_US\" \/>\n<meta property=\"og:type\" content=\"article\" \/>\n<meta property=\"og:title\" content=\"Lubricantes Slipplery Stuff - Bolsa 500 unidades - GreenWay International Corp\" \/>\n<meta property=\"og:description\" content=\"El lubricante personal Slippery Stuff Gel realza el placer del contacto humano. Al usar este gel \u00fanico con condones, aumenta las sensaciones.  Slippery Stuff es a base de agua, soluble en agua, seguro, higi\u00e9nico, inodoro, no mancha y de larga duraci\u00f3n.  Si tienes sensibilidad a otros lubricantes, prueba el lubricante en gel Slippery Stuff; no te decepcionar\u00e1.\" \/>\n<meta property=\"og:url\" content=\"https:\/\/greenwaypr.com\/en\/producto\/prevencion-vih-sida\/lubricantes\/slipplery-stuff-lubricants-natural\/\" \/>\n<meta property=\"og:site_name\" content=\"GreenWay International Corp\" \/>\n<meta property=\"article:modified_time\" content=\"2025-07-28T19:59:00+00:00\" \/>\n<meta property=\"og:image\" content=\"https:\/\/greenwaypr.com\/wp-content\/uploads\/2025\/06\/Slippery-Stuff-3cc-Pillows-Bag-of-500.png\" \/>\n\t<meta property=\"og:image:width\" content=\"1024\" \/>\n\t<meta property=\"og:image:height\" content=\"1024\" \/>\n\t<meta property=\"og:image:type\" content=\"image\/png\" \/>\n<meta name=\"twitter:card\" content=\"summary_large_image\" \/>\n<meta name=\"twitter:label1\" content=\"Est. reading time\" \/>\n\t<meta name=\"twitter:data1\" content=\"1 minute\" \/>\n<script type=\"application\/ld+json\" class=\"yoast-schema-graph\">{\"@context\":\"https:\\\/\\\/schema.org\",\"@graph\":[{\"@type\":\"WebPage\",\"@id\":\"https:\\\/\\\/greenwaypr.com\\\/en\\\/producto\\\/prevencion-vih-sida\\\/lubricantes\\\/slipplery-stuff-lubricants-natural\\\/\",\"url\":\"https:\\\/\\\/greenwaypr.com\\\/en\\\/producto\\\/prevencion-vih-sida\\\/lubricantes\\\/slipplery-stuff-lubricants-natural\\\/\",\"name\":\"Lubricantes Slipplery Stuff - Bolsa 500 unidades - GreenWay International Corp\",\"isPartOf\":{\"@id\":\"https:\\\/\\\/greenwaypr.com\\\/en\\\/#website\"},\"primaryImageOfPage\":{\"@id\":\"https:\\\/\\\/greenwaypr.com\\\/en\\\/producto\\\/prevencion-vih-sida\\\/lubricantes\\\/slipplery-stuff-lubricants-natural\\\/#primaryimage\"},\"image\":{\"@id\":\"https:\\\/\\\/greenwaypr.com\\\/en\\\/producto\\\/prevencion-vih-sida\\\/lubricantes\\\/slipplery-stuff-lubricants-natural\\\/#primaryimage\"},\"thumbnailUrl\":\"https:\\\/\\\/greenwaypr.com\\\/wp-content\\\/uploads\\\/2025\\\/06\\\/Slippery-Stuff-3cc-Pillows-Bag-of-500.png\",\"datePublished\":\"2025-06-26T19:37:14+00:00\",\"dateModified\":\"2025-07-28T19:59:00+00:00\",\"breadcrumb\":{\"@id\":\"https:\\\/\\\/greenwaypr.com\\\/en\\\/producto\\\/prevencion-vih-sida\\\/lubricantes\\\/slipplery-stuff-lubricants-natural\\\/#breadcrumb\"},\"inLanguage\":\"en-US\",\"potentialAction\":[{\"@type\":\"ReadAction\",\"target\":[\"https:\\\/\\\/greenwaypr.com\\\/en\\\/producto\\\/prevencion-vih-sida\\\/lubricantes\\\/slipplery-stuff-lubricants-natural\\\/\"]}]},{\"@type\":\"ImageObject\",\"inLanguage\":\"en-US\",\"@id\":\"https:\\\/\\\/greenwaypr.com\\\/en\\\/producto\\\/prevencion-vih-sida\\\/lubricantes\\\/slipplery-stuff-lubricants-natural\\\/#primaryimage\",\"url\":\"https:\\\/\\\/greenwaypr.com\\\/wp-content\\\/uploads\\\/2025\\\/06\\\/Slippery-Stuff-3cc-Pillows-Bag-of-500.png\",\"contentUrl\":\"https:\\\/\\\/greenwaypr.com\\\/wp-content\\\/uploads\\\/2025\\\/06\\\/Slippery-Stuff-3cc-Pillows-Bag-of-500.png\",\"width\":1024,\"height\":1024},{\"@type\":\"BreadcrumbList\",\"@id\":\"https:\\\/\\\/greenwaypr.com\\\/en\\\/producto\\\/prevencion-vih-sida\\\/lubricantes\\\/slipplery-stuff-lubricants-natural\\\/#breadcrumb\",\"itemListElement\":[{\"@type\":\"ListItem\",\"position\":1,\"name\":\"Portada\",\"item\":\"https:\\\/\\\/greenwaypr.com\\\/en\\\/\"},{\"@type\":\"ListItem\",\"position\":2,\"name\":\"Shop\",\"item\":\"https:\\\/\\\/greenwaypr.com\\\/en\\\/shop\\\/\"},{\"@type\":\"ListItem\",\"position\":3,\"name\":\"Lubricantes Slipplery Stuff &#8211; Bolsa 500 unidades\"}]},{\"@type\":\"WebSite\",\"@id\":\"https:\\\/\\\/greenwaypr.com\\\/en\\\/#website\",\"url\":\"https:\\\/\\\/greenwaypr.com\\\/en\\\/\",\"name\":\"GreenWay International Corp\",\"description\":\"Working hard today for a better future\",\"publisher\":{\"@id\":\"https:\\\/\\\/greenwaypr.com\\\/en\\\/#organization\"},\"potentialAction\":[{\"@type\":\"SearchAction\",\"target\":{\"@type\":\"EntryPoint\",\"urlTemplate\":\"https:\\\/\\\/greenwaypr.com\\\/en\\\/?s={search_term_string}\"},\"query-input\":{\"@type\":\"PropertyValueSpecification\",\"valueRequired\":true,\"valueName\":\"search_term_string\"}}],\"inLanguage\":\"en-US\"},{\"@type\":\"Organization\",\"@id\":\"https:\\\/\\\/greenwaypr.com\\\/en\\\/#organization\",\"name\":\"Greenway\",\"url\":\"https:\\\/\\\/greenwaypr.com\\\/en\\\/\",\"logo\":{\"@type\":\"ImageObject\",\"inLanguage\":\"en-US\",\"@id\":\"https:\\\/\\\/greenwaypr.com\\\/en\\\/#\\\/schema\\\/logo\\\/image\\\/\",\"url\":\"https:\\\/\\\/greenwaypr.com\\\/wp-content\\\/uploads\\\/2025\\\/05\\\/LOGO-GREENWAY-V1.1-COLOR.svg\",\"contentUrl\":\"https:\\\/\\\/greenwaypr.com\\\/wp-content\\\/uploads\\\/2025\\\/05\\\/LOGO-GREENWAY-V1.1-COLOR.svg\",\"width\":1403,\"height\":415,\"caption\":\"Greenway\"},\"image\":{\"@id\":\"https:\\\/\\\/greenwaypr.com\\\/en\\\/#\\\/schema\\\/logo\\\/image\\\/\"}}]}<\/script>\n<!-- \/ Yoast SEO plugin. -->","yoast_head_json":{"title":"Lubricantes Slipplery Stuff - Bolsa 500 unidades - GreenWay International Corp","robots":{"index":"index","follow":"follow","max-snippet":"max-snippet:-1","max-image-preview":"max-image-preview:large","max-video-preview":"max-video-preview:-1"},"canonical":"https:\/\/greenwaypr.com\/en\/producto\/prevencion-vih-sida\/lubricantes\/slipplery-stuff-lubricants-natural\/","og_locale":"en_US","og_type":"article","og_title":"Lubricantes Slipplery Stuff - Bolsa 500 unidades - GreenWay International Corp","og_description":"El lubricante personal Slippery Stuff Gel realza el placer del contacto humano. Al usar este gel \u00fanico con condones, aumenta las sensaciones.  Slippery Stuff es a base de agua, soluble en agua, seguro, higi\u00e9nico, inodoro, no mancha y de larga duraci\u00f3n.  Si tienes sensibilidad a otros lubricantes, prueba el lubricante en gel Slippery Stuff; no te decepcionar\u00e1.","og_url":"https:\/\/greenwaypr.com\/en\/producto\/prevencion-vih-sida\/lubricantes\/slipplery-stuff-lubricants-natural\/","og_site_name":"GreenWay International Corp","article_modified_time":"2025-07-28T19:59:00+00:00","og_image":[{"width":1024,"height":1024,"url":"https:\/\/greenwaypr.com\/wp-content\/uploads\/2025\/06\/Slippery-Stuff-3cc-Pillows-Bag-of-500.png","type":"image\/png"}],"twitter_card":"summary_large_image","twitter_misc":{"Est. reading time":"1 minute"},"schema":{"@context":"https:\/\/schema.org","@graph":[{"@type":"WebPage","@id":"https:\/\/greenwaypr.com\/en\/producto\/prevencion-vih-sida\/lubricantes\/slipplery-stuff-lubricants-natural\/","url":"https:\/\/greenwaypr.com\/en\/producto\/prevencion-vih-sida\/lubricantes\/slipplery-stuff-lubricants-natural\/","name":"Lubricantes Slipplery Stuff - Bolsa 500 unidades - GreenWay International Corp","isPartOf":{"@id":"https:\/\/greenwaypr.com\/en\/#website"},"primaryImageOfPage":{"@id":"https:\/\/greenwaypr.com\/en\/producto\/prevencion-vih-sida\/lubricantes\/slipplery-stuff-lubricants-natural\/#primaryimage"},"image":{"@id":"https:\/\/greenwaypr.com\/en\/producto\/prevencion-vih-sida\/lubricantes\/slipplery-stuff-lubricants-natural\/#primaryimage"},"thumbnailUrl":"https:\/\/greenwaypr.com\/wp-content\/uploads\/2025\/06\/Slippery-Stuff-3cc-Pillows-Bag-of-500.png","datePublished":"2025-06-26T19:37:14+00:00","dateModified":"2025-07-28T19:59:00+00:00","breadcrumb":{"@id":"https:\/\/greenwaypr.com\/en\/producto\/prevencion-vih-sida\/lubricantes\/slipplery-stuff-lubricants-natural\/#breadcrumb"},"inLanguage":"en-US","potentialAction":[{"@type":"ReadAction","target":["https:\/\/greenwaypr.com\/en\/producto\/prevencion-vih-sida\/lubricantes\/slipplery-stuff-lubricants-natural\/"]}]},{"@type":"ImageObject","inLanguage":"en-US","@id":"https:\/\/greenwaypr.com\/en\/producto\/prevencion-vih-sida\/lubricantes\/slipplery-stuff-lubricants-natural\/#primaryimage","url":"https:\/\/greenwaypr.com\/wp-content\/uploads\/2025\/06\/Slippery-Stuff-3cc-Pillows-Bag-of-500.png","contentUrl":"https:\/\/greenwaypr.com\/wp-content\/uploads\/2025\/06\/Slippery-Stuff-3cc-Pillows-Bag-of-500.png","width":1024,"height":1024},{"@type":"BreadcrumbList","@id":"https:\/\/greenwaypr.com\/en\/producto\/prevencion-vih-sida\/lubricantes\/slipplery-stuff-lubricants-natural\/#breadcrumb","itemListElement":[{"@type":"ListItem","position":1,"name":"Portada","item":"https:\/\/greenwaypr.com\/en\/"},{"@type":"ListItem","position":2,"name":"Shop","item":"https:\/\/greenwaypr.com\/en\/shop\/"},{"@type":"ListItem","position":3,"name":"Lubricantes Slipplery Stuff &#8211; Bolsa 500 unidades"}]},{"@type":"WebSite","@id":"https:\/\/greenwaypr.com\/en\/#website","url":"https:\/\/greenwaypr.com\/en\/","name":"GreenWay International Corp","description":"Working hard today for a better future","publisher":{"@id":"https:\/\/greenwaypr.com\/en\/#organization"},"potentialAction":[{"@type":"SearchAction","target":{"@type":"EntryPoint","urlTemplate":"https:\/\/greenwaypr.com\/en\/?s={search_term_string}"},"query-input":{"@type":"PropertyValueSpecification","valueRequired":true,"valueName":"search_term_string"}}],"inLanguage":"en-US"},{"@type":"Organization","@id":"https:\/\/greenwaypr.com\/en\/#organization","name":"Greenway","url":"https:\/\/greenwaypr.com\/en\/","logo":{"@type":"ImageObject","inLanguage":"en-US","@id":"https:\/\/greenwaypr.com\/en\/#\/schema\/logo\/image\/","url":"https:\/\/greenwaypr.com\/wp-content\/uploads\/2025\/05\/LOGO-GREENWAY-V1.1-COLOR.svg","contentUrl":"https:\/\/greenwaypr.com\/wp-content\/uploads\/2025\/05\/LOGO-GREENWAY-V1.1-COLOR.svg","width":1403,"height":415,"caption":"Greenway"},"image":{"@id":"https:\/\/greenwaypr.com\/en\/#\/schema\/logo\/image\/"}}]}},"_links":{"self":[{"href":"https:\/\/greenwaypr.com\/en\/wp-json\/wp\/v2\/product\/741","targetHints":{"allow":["GET"]}}],"collection":[{"href":"https:\/\/greenwaypr.com\/en\/wp-json\/wp\/v2\/product"}],"about":[{"href":"https:\/\/greenwaypr.com\/en\/wp-json\/wp\/v2\/types\/product"}],"wp:featuredmedia":[{"embeddable":true,"href":"https:\/\/greenwaypr.com\/en\/wp-json\/wp\/v2\/media\/2005"}],"wp:attachment":[{"href":"https:\/\/greenwaypr.com\/en\/wp-json\/wp\/v2\/media?parent=741"}],"wp:term":[{"taxonomy":"product_brand","embeddable":true,"href":"https:\/\/greenwaypr.com\/en\/wp-json\/wp\/v2\/product_brand?post=741"},{"taxonomy":"product_cat","embeddable":true,"href":"https:\/\/greenwaypr.com\/en\/wp-json\/wp\/v2\/product_cat?post=741"},{"taxonomy":"product_tag","embeddable":true,"href":"https:\/\/greenwaypr.com\/en\/wp-json\/wp\/v2\/product_tag?post=741"}],"curies":[{"name":"wp","href":"https:\/\/api.w.org\/{rel}","templated":true}]}}