{"id":2745,"date":"2026-03-19T20:51:32","date_gmt":"2026-03-19T20:51:32","guid":{"rendered":"https:\/\/greenwaypr.com\/?post_type=product&#038;p=2745"},"modified":"2026-03-19T20:51:32","modified_gmt":"2026-03-19T20:51:32","slug":"maquina-para-corte-de-cabello","status":"publish","type":"product","link":"https:\/\/greenwaypr.com\/en\/producto\/sin-categoria\/maquina-para-corte-de-cabello\/","title":{"rendered":"Maquina para corte de cabello"},"content":{"rendered":"","protected":false},"excerpt":{"rendered":"<p data-path-to-node=\"3\">Lleva a tu negocio la potencia y precisi\u00f3n de la marca #1 preferida por los barberos. Este combo de la <b data-path-to-node=\"3\" data-index-in-node=\"103\">L\u00ednea 5 Estrellas<\/b> est\u00e1 dise\u00f1ado para el uso rudo y profesional que tus clientes buscan.<\/p>\n<h3 data-path-to-node=\"4\"><span style=\"font-size: 14pt;\"><b data-path-to-node=\"4\" data-index-in-node=\"0\">Lo que incluye este set:<\/b><\/span><\/h3>\n<ul data-path-to-node=\"5\">\n<li>\n<p data-path-to-node=\"5,0,0\"><b data-path-to-node=\"5,0,0\" data-index-in-node=\"0\">Wahl Designer (Clipper):<\/b> La m\u00e1quina de batalla. Equipada con un motor vibrador de alta potencia, ideal para cortes generales y desvanecidos (<i data-path-to-node=\"5,0,0\" data-index-in-node=\"141\">fades<\/i>) perfectos. Incluye 6 peines gu\u00eda y accesorios de mantenimiento.<\/p>\n<\/li>\n<li>\n<p data-path-to-node=\"5,1,0\"><b data-path-to-node=\"5,1,0\" data-index-in-node=\"0\">Wahl Detailer (Trimmer):<\/b> La experta en acabados. Su cuchilla en &#8220;T&#8221; extra ancha permite delinear con precisi\u00f3n quir\u00fargica, marcar contornos y realizar dise\u00f1os detallados al ras.<\/p>\n<\/li>\n<\/ul>\n","protected":false},"featured_media":2747,"template":"","meta":[],"product_brand":[],"product_cat":[15],"product_tag":[],"class_list":{"0":"post-2745","1":"product","2":"type-product","3":"status-publish","4":"has-post-thumbnail","6":"product_cat-otros-miscelaneos","8":"first","9":"instock","10":"taxable","11":"shipping-taxable","12":"purchasable","13":"product-type-simple"},"yoast_head":"<!-- This site is optimized with the Yoast SEO plugin v27.4 - https:\/\/yoast.com\/product\/yoast-seo-wordpress\/ -->\n<title>Maquina para corte de cabello - GreenWay International Corp<\/title>\n<meta name=\"robots\" content=\"index, follow, max-snippet:-1, max-image-preview:large, max-video-preview:-1\" \/>\n<link rel=\"canonical\" href=\"https:\/\/greenwaypr.com\/en\/producto\/sin-categoria\/maquina-para-corte-de-cabello\/\" \/>\n<meta property=\"og:locale\" content=\"en_US\" \/>\n<meta property=\"og:type\" content=\"article\" \/>\n<meta property=\"og:title\" content=\"Maquina para corte de cabello - GreenWay International Corp\" \/>\n<meta property=\"og:description\" content=\"Lleva a tu negocio la potencia y precisi\u00f3n de la marca #1 preferida por los barberos. Este combo de la L\u00ednea 5 Estrellas est\u00e1 dise\u00f1ado para el uso rudo y profesional que tus clientes buscan.  Lo que incluye este set:    Wahl Designer (Clipper): La m\u00e1quina de batalla. Equipada con un motor vibrador de alta potencia, ideal para cortes generales y desvanecidos (fades) perfectos. Incluye 6 peines gu\u00eda y accesorios de mantenimiento.    Wahl Detailer (Trimmer): La experta en acabados. Su cuchilla en &quot;T&quot; extra ancha permite delinear con precisi\u00f3n quir\u00fargica, marcar contornos y realizar dise\u00f1os detallados al ras.\" \/>\n<meta property=\"og:url\" content=\"https:\/\/greenwaypr.com\/en\/producto\/sin-categoria\/maquina-para-corte-de-cabello\/\" \/>\n<meta property=\"og:site_name\" content=\"GreenWay International Corp\" \/>\n<meta property=\"og:image\" content=\"https:\/\/greenwaypr.com\/wp-content\/uploads\/2026\/03\/maquina-cortar-pelo-2.jpeg\" \/>\n\t<meta property=\"og:image:width\" content=\"1376\" \/>\n\t<meta property=\"og:image:height\" content=\"1260\" \/>\n\t<meta property=\"og:image:type\" content=\"image\/jpeg\" \/>\n<meta name=\"twitter:card\" content=\"summary_large_image\" \/>\n<meta name=\"twitter:label1\" content=\"Est. reading time\" \/>\n\t<meta name=\"twitter:data1\" content=\"1 minute\" \/>\n<script type=\"application\/ld+json\" class=\"yoast-schema-graph\">{\"@context\":\"https:\\\/\\\/schema.org\",\"@graph\":[{\"@type\":\"WebPage\",\"@id\":\"https:\\\/\\\/greenwaypr.com\\\/en\\\/producto\\\/sin-categoria\\\/maquina-para-corte-de-cabello\\\/\",\"url\":\"https:\\\/\\\/greenwaypr.com\\\/en\\\/producto\\\/sin-categoria\\\/maquina-para-corte-de-cabello\\\/\",\"name\":\"Maquina para corte de cabello - GreenWay International Corp\",\"isPartOf\":{\"@id\":\"https:\\\/\\\/greenwaypr.com\\\/en\\\/#website\"},\"primaryImageOfPage\":{\"@id\":\"https:\\\/\\\/greenwaypr.com\\\/en\\\/producto\\\/sin-categoria\\\/maquina-para-corte-de-cabello\\\/#primaryimage\"},\"image\":{\"@id\":\"https:\\\/\\\/greenwaypr.com\\\/en\\\/producto\\\/sin-categoria\\\/maquina-para-corte-de-cabello\\\/#primaryimage\"},\"thumbnailUrl\":\"https:\\\/\\\/greenwaypr.com\\\/wp-content\\\/uploads\\\/2026\\\/03\\\/maquina-cortar-pelo-2.jpeg\",\"datePublished\":\"2026-03-19T20:51:32+00:00\",\"breadcrumb\":{\"@id\":\"https:\\\/\\\/greenwaypr.com\\\/en\\\/producto\\\/sin-categoria\\\/maquina-para-corte-de-cabello\\\/#breadcrumb\"},\"inLanguage\":\"en-US\",\"potentialAction\":[{\"@type\":\"ReadAction\",\"target\":[\"https:\\\/\\\/greenwaypr.com\\\/en\\\/producto\\\/sin-categoria\\\/maquina-para-corte-de-cabello\\\/\"]}]},{\"@type\":\"ImageObject\",\"inLanguage\":\"en-US\",\"@id\":\"https:\\\/\\\/greenwaypr.com\\\/en\\\/producto\\\/sin-categoria\\\/maquina-para-corte-de-cabello\\\/#primaryimage\",\"url\":\"https:\\\/\\\/greenwaypr.com\\\/wp-content\\\/uploads\\\/2026\\\/03\\\/maquina-cortar-pelo-2.jpeg\",\"contentUrl\":\"https:\\\/\\\/greenwaypr.com\\\/wp-content\\\/uploads\\\/2026\\\/03\\\/maquina-cortar-pelo-2.jpeg\",\"width\":1376,\"height\":1260},{\"@type\":\"BreadcrumbList\",\"@id\":\"https:\\\/\\\/greenwaypr.com\\\/en\\\/producto\\\/sin-categoria\\\/maquina-para-corte-de-cabello\\\/#breadcrumb\",\"itemListElement\":[{\"@type\":\"ListItem\",\"position\":1,\"name\":\"Portada\",\"item\":\"https:\\\/\\\/greenwaypr.com\\\/en\\\/\"},{\"@type\":\"ListItem\",\"position\":2,\"name\":\"Shop\",\"item\":\"https:\\\/\\\/greenwaypr.com\\\/en\\\/shop\\\/\"},{\"@type\":\"ListItem\",\"position\":3,\"name\":\"Maquina para corte de cabello\"}]},{\"@type\":\"WebSite\",\"@id\":\"https:\\\/\\\/greenwaypr.com\\\/en\\\/#website\",\"url\":\"https:\\\/\\\/greenwaypr.com\\\/en\\\/\",\"name\":\"GreenWay International Corp\",\"description\":\"Working hard today for a better future\",\"publisher\":{\"@id\":\"https:\\\/\\\/greenwaypr.com\\\/en\\\/#organization\"},\"potentialAction\":[{\"@type\":\"SearchAction\",\"target\":{\"@type\":\"EntryPoint\",\"urlTemplate\":\"https:\\\/\\\/greenwaypr.com\\\/en\\\/?s={search_term_string}\"},\"query-input\":{\"@type\":\"PropertyValueSpecification\",\"valueRequired\":true,\"valueName\":\"search_term_string\"}}],\"inLanguage\":\"en-US\"},{\"@type\":\"Organization\",\"@id\":\"https:\\\/\\\/greenwaypr.com\\\/en\\\/#organization\",\"name\":\"Greenway\",\"url\":\"https:\\\/\\\/greenwaypr.com\\\/en\\\/\",\"logo\":{\"@type\":\"ImageObject\",\"inLanguage\":\"en-US\",\"@id\":\"https:\\\/\\\/greenwaypr.com\\\/en\\\/#\\\/schema\\\/logo\\\/image\\\/\",\"url\":\"https:\\\/\\\/greenwaypr.com\\\/wp-content\\\/uploads\\\/2025\\\/05\\\/LOGO-GREENWAY-V1.1-COLOR.svg\",\"contentUrl\":\"https:\\\/\\\/greenwaypr.com\\\/wp-content\\\/uploads\\\/2025\\\/05\\\/LOGO-GREENWAY-V1.1-COLOR.svg\",\"width\":1403,\"height\":415,\"caption\":\"Greenway\"},\"image\":{\"@id\":\"https:\\\/\\\/greenwaypr.com\\\/en\\\/#\\\/schema\\\/logo\\\/image\\\/\"}}]}<\/script>\n<!-- \/ Yoast SEO plugin. -->","yoast_head_json":{"title":"Maquina para corte de cabello - GreenWay International Corp","robots":{"index":"index","follow":"follow","max-snippet":"max-snippet:-1","max-image-preview":"max-image-preview:large","max-video-preview":"max-video-preview:-1"},"canonical":"https:\/\/greenwaypr.com\/en\/producto\/sin-categoria\/maquina-para-corte-de-cabello\/","og_locale":"en_US","og_type":"article","og_title":"Maquina para corte de cabello - GreenWay International Corp","og_description":"Lleva a tu negocio la potencia y precisi\u00f3n de la marca #1 preferida por los barberos. Este combo de la L\u00ednea 5 Estrellas est\u00e1 dise\u00f1ado para el uso rudo y profesional que tus clientes buscan.  Lo que incluye este set:    Wahl Designer (Clipper): La m\u00e1quina de batalla. Equipada con un motor vibrador de alta potencia, ideal para cortes generales y desvanecidos (fades) perfectos. Incluye 6 peines gu\u00eda y accesorios de mantenimiento.    Wahl Detailer (Trimmer): La experta en acabados. Su cuchilla en \"T\" extra ancha permite delinear con precisi\u00f3n quir\u00fargica, marcar contornos y realizar dise\u00f1os detallados al ras.","og_url":"https:\/\/greenwaypr.com\/en\/producto\/sin-categoria\/maquina-para-corte-de-cabello\/","og_site_name":"GreenWay International Corp","og_image":[{"width":1376,"height":1260,"url":"https:\/\/greenwaypr.com\/wp-content\/uploads\/2026\/03\/maquina-cortar-pelo-2.jpeg","type":"image\/jpeg"}],"twitter_card":"summary_large_image","twitter_misc":{"Est. reading time":"1 minute"},"schema":{"@context":"https:\/\/schema.org","@graph":[{"@type":"WebPage","@id":"https:\/\/greenwaypr.com\/en\/producto\/sin-categoria\/maquina-para-corte-de-cabello\/","url":"https:\/\/greenwaypr.com\/en\/producto\/sin-categoria\/maquina-para-corte-de-cabello\/","name":"Maquina para corte de cabello - GreenWay International Corp","isPartOf":{"@id":"https:\/\/greenwaypr.com\/en\/#website"},"primaryImageOfPage":{"@id":"https:\/\/greenwaypr.com\/en\/producto\/sin-categoria\/maquina-para-corte-de-cabello\/#primaryimage"},"image":{"@id":"https:\/\/greenwaypr.com\/en\/producto\/sin-categoria\/maquina-para-corte-de-cabello\/#primaryimage"},"thumbnailUrl":"https:\/\/greenwaypr.com\/wp-content\/uploads\/2026\/03\/maquina-cortar-pelo-2.jpeg","datePublished":"2026-03-19T20:51:32+00:00","breadcrumb":{"@id":"https:\/\/greenwaypr.com\/en\/producto\/sin-categoria\/maquina-para-corte-de-cabello\/#breadcrumb"},"inLanguage":"en-US","potentialAction":[{"@type":"ReadAction","target":["https:\/\/greenwaypr.com\/en\/producto\/sin-categoria\/maquina-para-corte-de-cabello\/"]}]},{"@type":"ImageObject","inLanguage":"en-US","@id":"https:\/\/greenwaypr.com\/en\/producto\/sin-categoria\/maquina-para-corte-de-cabello\/#primaryimage","url":"https:\/\/greenwaypr.com\/wp-content\/uploads\/2026\/03\/maquina-cortar-pelo-2.jpeg","contentUrl":"https:\/\/greenwaypr.com\/wp-content\/uploads\/2026\/03\/maquina-cortar-pelo-2.jpeg","width":1376,"height":1260},{"@type":"BreadcrumbList","@id":"https:\/\/greenwaypr.com\/en\/producto\/sin-categoria\/maquina-para-corte-de-cabello\/#breadcrumb","itemListElement":[{"@type":"ListItem","position":1,"name":"Portada","item":"https:\/\/greenwaypr.com\/en\/"},{"@type":"ListItem","position":2,"name":"Shop","item":"https:\/\/greenwaypr.com\/en\/shop\/"},{"@type":"ListItem","position":3,"name":"Maquina para corte de cabello"}]},{"@type":"WebSite","@id":"https:\/\/greenwaypr.com\/en\/#website","url":"https:\/\/greenwaypr.com\/en\/","name":"GreenWay International Corp","description":"Working hard today for a better future","publisher":{"@id":"https:\/\/greenwaypr.com\/en\/#organization"},"potentialAction":[{"@type":"SearchAction","target":{"@type":"EntryPoint","urlTemplate":"https:\/\/greenwaypr.com\/en\/?s={search_term_string}"},"query-input":{"@type":"PropertyValueSpecification","valueRequired":true,"valueName":"search_term_string"}}],"inLanguage":"en-US"},{"@type":"Organization","@id":"https:\/\/greenwaypr.com\/en\/#organization","name":"Greenway","url":"https:\/\/greenwaypr.com\/en\/","logo":{"@type":"ImageObject","inLanguage":"en-US","@id":"https:\/\/greenwaypr.com\/en\/#\/schema\/logo\/image\/","url":"https:\/\/greenwaypr.com\/wp-content\/uploads\/2025\/05\/LOGO-GREENWAY-V1.1-COLOR.svg","contentUrl":"https:\/\/greenwaypr.com\/wp-content\/uploads\/2025\/05\/LOGO-GREENWAY-V1.1-COLOR.svg","width":1403,"height":415,"caption":"Greenway"},"image":{"@id":"https:\/\/greenwaypr.com\/en\/#\/schema\/logo\/image\/"}}]}},"_links":{"self":[{"href":"https:\/\/greenwaypr.com\/en\/wp-json\/wp\/v2\/product\/2745","targetHints":{"allow":["GET"]}}],"collection":[{"href":"https:\/\/greenwaypr.com\/en\/wp-json\/wp\/v2\/product"}],"about":[{"href":"https:\/\/greenwaypr.com\/en\/wp-json\/wp\/v2\/types\/product"}],"wp:featuredmedia":[{"embeddable":true,"href":"https:\/\/greenwaypr.com\/en\/wp-json\/wp\/v2\/media\/2747"}],"wp:attachment":[{"href":"https:\/\/greenwaypr.com\/en\/wp-json\/wp\/v2\/media?parent=2745"}],"wp:term":[{"taxonomy":"product_brand","embeddable":true,"href":"https:\/\/greenwaypr.com\/en\/wp-json\/wp\/v2\/product_brand?post=2745"},{"taxonomy":"product_cat","embeddable":true,"href":"https:\/\/greenwaypr.com\/en\/wp-json\/wp\/v2\/product_cat?post=2745"},{"taxonomy":"product_tag","embeddable":true,"href":"https:\/\/greenwaypr.com\/en\/wp-json\/wp\/v2\/product_tag?post=2745"}],"curies":[{"name":"wp","href":"https:\/\/api.w.org\/{rel}","templated":true}]}}