{"id":1580,"date":"2025-07-12T21:19:49","date_gmt":"2025-07-12T21:19:49","guid":{"rendered":"https:\/\/greenwaypr.com\/?post_type=product&#038;p=1580"},"modified":"2025-07-18T23:30:34","modified_gmt":"2025-07-18T23:30:34","slug":"envase-portatil-para-gasolina","status":"publish","type":"product","link":"https:\/\/greenwaypr.com\/en\/producto\/sin-categoria\/envase-portatil-para-gasolina\/","title":{"rendered":"Envase Port\u00e1til para gasolina"},"content":{"rendered":"","protected":false},"excerpt":{"rendered":"<p>Dise\u00f1ado para el almacenamiento y transporte seguro de combustible, especialmente en entornos marinos, actividades recreativas o equipos motorizados que requieren reabastecimiento frecuente. Este tipo de dep\u00f3sito es una soluci\u00f3n pr\u00e1ctica y segura para transportar combustible sin derrames ni riesgos, gracias a su dise\u00f1o port\u00e1til y elementos de seguridad integrados.<\/p>\n","protected":false},"featured_media":1581,"template":"","meta":[],"product_brand":[],"product_cat":[15],"product_tag":[],"class_list":{"0":"post-1580","1":"product","2":"type-product","3":"status-publish","4":"has-post-thumbnail","6":"product_cat-otros-miscelaneos","8":"first","9":"instock","10":"taxable","11":"shipping-taxable","12":"purchasable","13":"product-type-simple"},"yoast_head":"<!-- This site is optimized with the Yoast SEO plugin v27.4 - https:\/\/yoast.com\/product\/yoast-seo-wordpress\/ -->\n<title>Envase Port\u00e1til para gasolina - GreenWay International Corp<\/title>\n<meta name=\"robots\" content=\"index, follow, max-snippet:-1, max-image-preview:large, max-video-preview:-1\" \/>\n<link rel=\"canonical\" href=\"https:\/\/greenwaypr.com\/en\/producto\/sin-categoria\/envase-portatil-para-gasolina\/\" \/>\n<meta property=\"og:locale\" content=\"en_US\" \/>\n<meta property=\"og:type\" content=\"article\" \/>\n<meta property=\"og:title\" content=\"Envase Port\u00e1til para gasolina - GreenWay International Corp\" \/>\n<meta property=\"og:description\" content=\"Dise\u00f1ado para el almacenamiento y transporte seguro de combustible, especialmente en entornos marinos, actividades recreativas o equipos motorizados que requieren reabastecimiento frecuente. Este tipo de dep\u00f3sito es una soluci\u00f3n pr\u00e1ctica y segura para transportar combustible sin derrames ni riesgos, gracias a su dise\u00f1o port\u00e1til y elementos de seguridad integrados.\" \/>\n<meta property=\"og:url\" content=\"https:\/\/greenwaypr.com\/en\/producto\/sin-categoria\/envase-portatil-para-gasolina\/\" \/>\n<meta property=\"og:site_name\" content=\"GreenWay International Corp\" \/>\n<meta property=\"article:modified_time\" content=\"2025-07-18T23:30:34+00:00\" \/>\n<meta property=\"og:image\" content=\"https:\/\/greenwaypr.com\/wp-content\/uploads\/2025\/07\/img514.jpg\" \/>\n\t<meta property=\"og:image:width\" content=\"698\" \/>\n\t<meta property=\"og:image:height\" content=\"956\" \/>\n\t<meta property=\"og:image:type\" content=\"image\/jpeg\" \/>\n<meta name=\"twitter:card\" content=\"summary_large_image\" \/>\n<meta name=\"twitter:label1\" content=\"Est. reading time\" \/>\n\t<meta name=\"twitter:data1\" content=\"1 minute\" \/>\n<script type=\"application\/ld+json\" class=\"yoast-schema-graph\">{\"@context\":\"https:\\\/\\\/schema.org\",\"@graph\":[{\"@type\":\"WebPage\",\"@id\":\"https:\\\/\\\/greenwaypr.com\\\/en\\\/producto\\\/sin-categoria\\\/envase-portatil-para-gasolina\\\/\",\"url\":\"https:\\\/\\\/greenwaypr.com\\\/en\\\/producto\\\/sin-categoria\\\/envase-portatil-para-gasolina\\\/\",\"name\":\"Envase Port\u00e1til para gasolina - GreenWay International Corp\",\"isPartOf\":{\"@id\":\"https:\\\/\\\/greenwaypr.com\\\/en\\\/#website\"},\"primaryImageOfPage\":{\"@id\":\"https:\\\/\\\/greenwaypr.com\\\/en\\\/producto\\\/sin-categoria\\\/envase-portatil-para-gasolina\\\/#primaryimage\"},\"image\":{\"@id\":\"https:\\\/\\\/greenwaypr.com\\\/en\\\/producto\\\/sin-categoria\\\/envase-portatil-para-gasolina\\\/#primaryimage\"},\"thumbnailUrl\":\"https:\\\/\\\/greenwaypr.com\\\/wp-content\\\/uploads\\\/2025\\\/07\\\/img514.jpg\",\"datePublished\":\"2025-07-12T21:19:49+00:00\",\"dateModified\":\"2025-07-18T23:30:34+00:00\",\"breadcrumb\":{\"@id\":\"https:\\\/\\\/greenwaypr.com\\\/en\\\/producto\\\/sin-categoria\\\/envase-portatil-para-gasolina\\\/#breadcrumb\"},\"inLanguage\":\"en-US\",\"potentialAction\":[{\"@type\":\"ReadAction\",\"target\":[\"https:\\\/\\\/greenwaypr.com\\\/en\\\/producto\\\/sin-categoria\\\/envase-portatil-para-gasolina\\\/\"]}]},{\"@type\":\"ImageObject\",\"inLanguage\":\"en-US\",\"@id\":\"https:\\\/\\\/greenwaypr.com\\\/en\\\/producto\\\/sin-categoria\\\/envase-portatil-para-gasolina\\\/#primaryimage\",\"url\":\"https:\\\/\\\/greenwaypr.com\\\/wp-content\\\/uploads\\\/2025\\\/07\\\/img514.jpg\",\"contentUrl\":\"https:\\\/\\\/greenwaypr.com\\\/wp-content\\\/uploads\\\/2025\\\/07\\\/img514.jpg\",\"width\":698,\"height\":956},{\"@type\":\"BreadcrumbList\",\"@id\":\"https:\\\/\\\/greenwaypr.com\\\/en\\\/producto\\\/sin-categoria\\\/envase-portatil-para-gasolina\\\/#breadcrumb\",\"itemListElement\":[{\"@type\":\"ListItem\",\"position\":1,\"name\":\"Portada\",\"item\":\"https:\\\/\\\/greenwaypr.com\\\/en\\\/\"},{\"@type\":\"ListItem\",\"position\":2,\"name\":\"Shop\",\"item\":\"https:\\\/\\\/greenwaypr.com\\\/en\\\/shop\\\/\"},{\"@type\":\"ListItem\",\"position\":3,\"name\":\"Envase Port\u00e1til para gasolina\"}]},{\"@type\":\"WebSite\",\"@id\":\"https:\\\/\\\/greenwaypr.com\\\/en\\\/#website\",\"url\":\"https:\\\/\\\/greenwaypr.com\\\/en\\\/\",\"name\":\"GreenWay International Corp\",\"description\":\"Working hard today for a better future\",\"publisher\":{\"@id\":\"https:\\\/\\\/greenwaypr.com\\\/en\\\/#organization\"},\"potentialAction\":[{\"@type\":\"SearchAction\",\"target\":{\"@type\":\"EntryPoint\",\"urlTemplate\":\"https:\\\/\\\/greenwaypr.com\\\/en\\\/?s={search_term_string}\"},\"query-input\":{\"@type\":\"PropertyValueSpecification\",\"valueRequired\":true,\"valueName\":\"search_term_string\"}}],\"inLanguage\":\"en-US\"},{\"@type\":\"Organization\",\"@id\":\"https:\\\/\\\/greenwaypr.com\\\/en\\\/#organization\",\"name\":\"Greenway\",\"url\":\"https:\\\/\\\/greenwaypr.com\\\/en\\\/\",\"logo\":{\"@type\":\"ImageObject\",\"inLanguage\":\"en-US\",\"@id\":\"https:\\\/\\\/greenwaypr.com\\\/en\\\/#\\\/schema\\\/logo\\\/image\\\/\",\"url\":\"https:\\\/\\\/greenwaypr.com\\\/wp-content\\\/uploads\\\/2025\\\/05\\\/LOGO-GREENWAY-V1.1-COLOR.svg\",\"contentUrl\":\"https:\\\/\\\/greenwaypr.com\\\/wp-content\\\/uploads\\\/2025\\\/05\\\/LOGO-GREENWAY-V1.1-COLOR.svg\",\"width\":1403,\"height\":415,\"caption\":\"Greenway\"},\"image\":{\"@id\":\"https:\\\/\\\/greenwaypr.com\\\/en\\\/#\\\/schema\\\/logo\\\/image\\\/\"}}]}<\/script>\n<!-- \/ Yoast SEO plugin. -->","yoast_head_json":{"title":"Envase Port\u00e1til para gasolina - GreenWay International Corp","robots":{"index":"index","follow":"follow","max-snippet":"max-snippet:-1","max-image-preview":"max-image-preview:large","max-video-preview":"max-video-preview:-1"},"canonical":"https:\/\/greenwaypr.com\/en\/producto\/sin-categoria\/envase-portatil-para-gasolina\/","og_locale":"en_US","og_type":"article","og_title":"Envase Port\u00e1til para gasolina - GreenWay International Corp","og_description":"Dise\u00f1ado para el almacenamiento y transporte seguro de combustible, especialmente en entornos marinos, actividades recreativas o equipos motorizados que requieren reabastecimiento frecuente. Este tipo de dep\u00f3sito es una soluci\u00f3n pr\u00e1ctica y segura para transportar combustible sin derrames ni riesgos, gracias a su dise\u00f1o port\u00e1til y elementos de seguridad integrados.","og_url":"https:\/\/greenwaypr.com\/en\/producto\/sin-categoria\/envase-portatil-para-gasolina\/","og_site_name":"GreenWay International Corp","article_modified_time":"2025-07-18T23:30:34+00:00","og_image":[{"width":698,"height":956,"url":"https:\/\/greenwaypr.com\/wp-content\/uploads\/2025\/07\/img514.jpg","type":"image\/jpeg"}],"twitter_card":"summary_large_image","twitter_misc":{"Est. reading time":"1 minute"},"schema":{"@context":"https:\/\/schema.org","@graph":[{"@type":"WebPage","@id":"https:\/\/greenwaypr.com\/en\/producto\/sin-categoria\/envase-portatil-para-gasolina\/","url":"https:\/\/greenwaypr.com\/en\/producto\/sin-categoria\/envase-portatil-para-gasolina\/","name":"Envase Port\u00e1til para gasolina - GreenWay International Corp","isPartOf":{"@id":"https:\/\/greenwaypr.com\/en\/#website"},"primaryImageOfPage":{"@id":"https:\/\/greenwaypr.com\/en\/producto\/sin-categoria\/envase-portatil-para-gasolina\/#primaryimage"},"image":{"@id":"https:\/\/greenwaypr.com\/en\/producto\/sin-categoria\/envase-portatil-para-gasolina\/#primaryimage"},"thumbnailUrl":"https:\/\/greenwaypr.com\/wp-content\/uploads\/2025\/07\/img514.jpg","datePublished":"2025-07-12T21:19:49+00:00","dateModified":"2025-07-18T23:30:34+00:00","breadcrumb":{"@id":"https:\/\/greenwaypr.com\/en\/producto\/sin-categoria\/envase-portatil-para-gasolina\/#breadcrumb"},"inLanguage":"en-US","potentialAction":[{"@type":"ReadAction","target":["https:\/\/greenwaypr.com\/en\/producto\/sin-categoria\/envase-portatil-para-gasolina\/"]}]},{"@type":"ImageObject","inLanguage":"en-US","@id":"https:\/\/greenwaypr.com\/en\/producto\/sin-categoria\/envase-portatil-para-gasolina\/#primaryimage","url":"https:\/\/greenwaypr.com\/wp-content\/uploads\/2025\/07\/img514.jpg","contentUrl":"https:\/\/greenwaypr.com\/wp-content\/uploads\/2025\/07\/img514.jpg","width":698,"height":956},{"@type":"BreadcrumbList","@id":"https:\/\/greenwaypr.com\/en\/producto\/sin-categoria\/envase-portatil-para-gasolina\/#breadcrumb","itemListElement":[{"@type":"ListItem","position":1,"name":"Portada","item":"https:\/\/greenwaypr.com\/en\/"},{"@type":"ListItem","position":2,"name":"Shop","item":"https:\/\/greenwaypr.com\/en\/shop\/"},{"@type":"ListItem","position":3,"name":"Envase Port\u00e1til para gasolina"}]},{"@type":"WebSite","@id":"https:\/\/greenwaypr.com\/en\/#website","url":"https:\/\/greenwaypr.com\/en\/","name":"GreenWay International Corp","description":"Working hard today for a better future","publisher":{"@id":"https:\/\/greenwaypr.com\/en\/#organization"},"potentialAction":[{"@type":"SearchAction","target":{"@type":"EntryPoint","urlTemplate":"https:\/\/greenwaypr.com\/en\/?s={search_term_string}"},"query-input":{"@type":"PropertyValueSpecification","valueRequired":true,"valueName":"search_term_string"}}],"inLanguage":"en-US"},{"@type":"Organization","@id":"https:\/\/greenwaypr.com\/en\/#organization","name":"Greenway","url":"https:\/\/greenwaypr.com\/en\/","logo":{"@type":"ImageObject","inLanguage":"en-US","@id":"https:\/\/greenwaypr.com\/en\/#\/schema\/logo\/image\/","url":"https:\/\/greenwaypr.com\/wp-content\/uploads\/2025\/05\/LOGO-GREENWAY-V1.1-COLOR.svg","contentUrl":"https:\/\/greenwaypr.com\/wp-content\/uploads\/2025\/05\/LOGO-GREENWAY-V1.1-COLOR.svg","width":1403,"height":415,"caption":"Greenway"},"image":{"@id":"https:\/\/greenwaypr.com\/en\/#\/schema\/logo\/image\/"}}]}},"_links":{"self":[{"href":"https:\/\/greenwaypr.com\/en\/wp-json\/wp\/v2\/product\/1580","targetHints":{"allow":["GET"]}}],"collection":[{"href":"https:\/\/greenwaypr.com\/en\/wp-json\/wp\/v2\/product"}],"about":[{"href":"https:\/\/greenwaypr.com\/en\/wp-json\/wp\/v2\/types\/product"}],"wp:featuredmedia":[{"embeddable":true,"href":"https:\/\/greenwaypr.com\/en\/wp-json\/wp\/v2\/media\/1581"}],"wp:attachment":[{"href":"https:\/\/greenwaypr.com\/en\/wp-json\/wp\/v2\/media?parent=1580"}],"wp:term":[{"taxonomy":"product_brand","embeddable":true,"href":"https:\/\/greenwaypr.com\/en\/wp-json\/wp\/v2\/product_brand?post=1580"},{"taxonomy":"product_cat","embeddable":true,"href":"https:\/\/greenwaypr.com\/en\/wp-json\/wp\/v2\/product_cat?post=1580"},{"taxonomy":"product_tag","embeddable":true,"href":"https:\/\/greenwaypr.com\/en\/wp-json\/wp\/v2\/product_tag?post=1580"}],"curies":[{"name":"wp","href":"https:\/\/api.w.org\/{rel}","templated":true}]}}