{"id":1126,"date":"2025-07-06T10:37:59","date_gmt":"2025-07-06T10:37:59","guid":{"rendered":"https:\/\/greenwaypr.com\/?post_type=product&#038;p=1126"},"modified":"2025-07-18T23:32:21","modified_gmt":"2025-07-18T23:32:21","slug":"descontaminante-universal-y-natural","status":"publish","type":"product","link":"https:\/\/greenwaypr.com\/en\/producto\/productos-de-bano-y-limpieza\/descontaminante-universal-y-natural\/","title":{"rendered":"Descontaminante Universal y Natural"},"content":{"rendered":"","protected":false},"excerpt":{"rendered":"<div class=\"flex basis-auto flex-col -mb-(--composer-overlap-px) [--composer-overlap-px:55px] grow overflow-hidden\">\n<div class=\"relative h-full\">\n<div class=\"flex h-full flex-col overflow-y-auto [scrollbar-gutter:stable_both-edges] @[84rem]\/thread:pt-(--header-height)\">\n<div class=\"@thread-xl\/thread:pt-header-height flex flex-col text-sm pb-25\">\n<article class=\"text-token-text-primary w-full\" dir=\"auto\" data-testid=\"conversation-turn-2\" data-scroll-anchor=\"true\">\n<div class=\"text-base my-auto mx-auto py-5 [--thread-content-margin:--spacing(4)] @[37rem]:[--thread-content-margin:--spacing(6)] @[72rem]:[--thread-content-margin:--spacing(16)] px-(--thread-content-margin)\">\n<div class=\"[--thread-content-max-width:32rem] @[34rem]:[--thread-content-max-width:40rem] @[64rem]:[--thread-content-max-width:48rem] mx-auto flex max-w-(--thread-content-max-width) flex-1 text-base gap-4 md:gap-5 lg:gap-6 group\/turn-messages focus-visible:outline-hidden\" tabindex=\"-1\">\n<div class=\"group\/conversation-turn relative flex w-full min-w-0 flex-col agent-turn\">\n<div class=\"relative flex-col gap-1 md:gap-3\">\n<div class=\"flex max-w-full flex-col grow\">\n<div class=\"min-h-8 text-message relative flex w-full flex-col items-end gap-2 text-start break-words whitespace-normal [.text-message+&amp;]:mt-5\" dir=\"auto\" data-message-author-role=\"assistant\" data-message-id=\"fa1e4f69-85e7-47eb-8ca6-5d3356c72870\" data-message-model-slug=\"gpt-4o\">\n<div class=\"flex w-full flex-col gap-1 empty:hidden first:pt-[3px]\"><\/div>\n<\/div>\n<\/div>\n<\/div>\n<\/div>\n<\/div>\n<\/div>\n<\/article>\n<div>\n<h3>\ud83e\uddf4 <em>Eco Chem Health+ Bacteria &amp; Virus Blaster Formula 80X \u2013 Desinfectante Universal y Natural<\/em><\/h3>\n<p><strong>Limpieza total, sin qu\u00edmicos agresivos.<\/strong> Descubre la potencia de la desinfecci\u00f3n con <em>Eco Chem Health+<\/em>, una f\u00f3rmula revolucionaria <strong>80 veces m\u00e1s poderosa que el cloro<\/strong>, ideal para hogares, oficinas, cl\u00ednicas, negocios y cualquier espacio que requiera una higiene profunda sin comprometer la salud ni el medio ambiente.<\/p>\n<h4>\u2705 Beneficios clave:<\/h4>\n<ul>\n<li>\ud83c\udf31 <strong>100% natural, no t\u00f3xico y biodegradable<\/strong><\/li>\n<li>\ud83d\udcaa <strong>Elimina el 99.999% de bacterias, virus, hongos y esporas<\/strong><\/li>\n<li>\ud83c\udf38 <strong>Neutraliza malos olores sin enmascararlos<\/strong><\/li>\n<li>\ud83e\uddfc <strong>No mancha, no irrita ni es corrosivo<\/strong><\/li>\n<li>\ud83d\udc36 <strong>Seguro para humanos y mascotas<\/strong><\/li>\n<li>\ud83c\udf0a <strong>Soluci\u00f3n electro-activada de \u00faltima generaci\u00f3n, con pH neutro y estabilidad garantizada<\/strong><\/li>\n<\/ul>\n<h4>\ud83e\uddea Ideal para:<\/h4>\n<ul>\n<li>Superficies en contacto con alimentos<\/li>\n<li>\u00c1reas infantiles o veterinarias<\/li>\n<li>Veh\u00edculos, textiles, cocinas, ba\u00f1os, y m\u00e1s<\/li>\n<\/ul>\n<p><strong>Presentaci\u00f3n:<\/strong><\/p>\n<ul>\n<li>1 gal\u00f3n + botella dispensadora de 500 ml<\/li>\n<\/ul>\n<\/div>\n<\/div>\n<\/div>\n<\/div>\n<\/div>\n<div id=\"thread-bottom-container\" class=\"content-fade relative isolate z-10 w-full basis-auto has-data-has-thread-error:pt-2 has-data-has-thread-error:[box-shadow:var(--sharp-edge-bottom-shadow)] md:border-transparent md:pt-0 dark:border-white\/20 md:dark:border-transparent flex flex-col\">\n<div id=\"thread-bottom\">\n<div class=\"text-base mx-auto [--thread-content-margin:--spacing(4)] @[37rem]:[--thread-content-margin:--spacing(6)] @[72rem]:[--thread-content-margin:--spacing(16)] px-(--thread-content-margin)\">\n<div class=\"[--thread-content-max-width:32rem] @[34rem]:[--thread-content-max-width:40rem] @[64rem]:[--thread-content-max-width:48rem] mx-auto flex max-w-(--thread-content-max-width) flex-1 text-base gap-4 md:gap-5 lg:gap-6\">\n<div class=\"max-xs:[--force-hide-label:none] relative z-1 flex h-full max-w-full flex-1 flex-col\" role=\"button\" aria-haspopup=\"dialog\" aria-expanded=\"false\" aria-controls=\"radix-\u00abrps\u00bb\" data-state=\"closed\">\n<div class=\"absolute start-0 end-0 bottom-full z-20\"><\/div>\n<form class=\"w-full [view-transition-name:var(--vt-composer)]\" role=\"region\" aria-label=\"Compositor de mensajes\" data-type=\"unified-composer\">\n<div class=\"bg-token-bg-primary flex w-full cursor-text flex-col items-center justify-center overflow-clip bg-clip-padding contain-inline-size dark:bg-[#303030] shadow-short rounded-[28px]\">\n<div class=\"relative flex w-full items-end px-2.5 py-2.5\">\n<div class=\"relative flex w-full flex-auto flex-col\">\n<div class=\"relative mx-2.5 grid grid-cols-[auto_minmax(0,1fr)]\">\n<div class=\"items-top flex justify-center\">\n<div><\/div>\n<\/div>\n<\/div>\n<\/div>\n<\/div>\n<\/div>\n<\/form>\n<\/div>\n<\/div>\n<\/div>\n<\/div>\n<\/div>\n","protected":false},"featured_media":1127,"template":"","meta":[],"product_brand":[110],"product_cat":[106],"product_tag":[],"class_list":{"0":"post-1126","1":"product","2":"type-product","3":"status-publish","4":"has-post-thumbnail","6":"product_brand-eco-chem","7":"product_cat-productos-de-bano-y-limpieza","9":"first","10":"instock","11":"taxable","12":"shipping-taxable","13":"purchasable","14":"product-type-simple"},"yoast_head":"<!-- This site is optimized with the Yoast SEO plugin v27.4 - https:\/\/yoast.com\/product\/yoast-seo-wordpress\/ -->\n<title>Descontaminante Universal y Natural - GreenWay International Corp<\/title>\n<meta name=\"robots\" content=\"index, follow, max-snippet:-1, max-image-preview:large, max-video-preview:-1\" \/>\n<link rel=\"canonical\" href=\"https:\/\/greenwaypr.com\/en\/producto\/productos-de-bano-y-limpieza\/descontaminante-universal-y-natural\/\" \/>\n<meta property=\"og:locale\" content=\"en_US\" \/>\n<meta property=\"og:type\" content=\"article\" \/>\n<meta property=\"og:title\" content=\"Descontaminante Universal y Natural - GreenWay International Corp\" \/>\n<meta property=\"og:description\" content=\"\ud83e\uddf4 Eco Chem Health+ Bacteria &amp; Virus Blaster Formula 80X \u2013 Desinfectante Universal y Natural Limpieza total, sin qu\u00edmicos agresivos. Descubre la potencia de la desinfecci\u00f3n con Eco Chem Health+, una f\u00f3rmula revolucionaria 80 veces m\u00e1s poderosa que el cloro, ideal para hogares, oficinas, cl\u00ednicas, negocios y cualquier espacio que requiera una higiene profunda sin comprometer la salud ni el medio ambiente. \u2705 Beneficios clave:   \ud83c\udf31 100% natural, no t\u00f3xico y biodegradable  \ud83d\udcaa Elimina el 99.999% de bacterias, virus, hongos y esporas  \ud83c\udf38 Neutraliza malos olores sin enmascararlos  \ud83e\uddfc No mancha, no irrita ni es corrosivo  \ud83d\udc36 Seguro para humanos y mascotas  \ud83c\udf0a Soluci\u00f3n electro-activada de \u00faltima generaci\u00f3n, con pH neutro y estabilidad garantizada  \ud83e\uddea Ideal para:   Superficies en contacto con alimentos  \u00c1reas infantiles o veterinarias  Veh\u00edculos, textiles, cocinas, ba\u00f1os, y m\u00e1s  Presentaci\u00f3n:   1 gal\u00f3n + botella dispensadora de 500 ml\" \/>\n<meta property=\"og:url\" content=\"https:\/\/greenwaypr.com\/en\/producto\/productos-de-bano-y-limpieza\/descontaminante-universal-y-natural\/\" \/>\n<meta property=\"og:site_name\" content=\"GreenWay International Corp\" \/>\n<meta property=\"article:modified_time\" content=\"2025-07-18T23:32:21+00:00\" \/>\n<meta property=\"og:image\" content=\"https:\/\/greenwaypr.com\/wp-content\/uploads\/2025\/07\/img196.jpg\" \/>\n\t<meta property=\"og:image:width\" content=\"600\" \/>\n\t<meta property=\"og:image:height\" content=\"850\" \/>\n\t<meta property=\"og:image:type\" content=\"image\/jpeg\" \/>\n<meta name=\"twitter:card\" content=\"summary_large_image\" \/>\n<meta name=\"twitter:label1\" content=\"Est. reading time\" \/>\n\t<meta name=\"twitter:data1\" content=\"1 minute\" \/>\n<script type=\"application\/ld+json\" class=\"yoast-schema-graph\">{\"@context\":\"https:\\\/\\\/schema.org\",\"@graph\":[{\"@type\":\"WebPage\",\"@id\":\"https:\\\/\\\/greenwaypr.com\\\/en\\\/producto\\\/productos-de-bano-y-limpieza\\\/descontaminante-universal-y-natural\\\/\",\"url\":\"https:\\\/\\\/greenwaypr.com\\\/en\\\/producto\\\/productos-de-bano-y-limpieza\\\/descontaminante-universal-y-natural\\\/\",\"name\":\"Descontaminante Universal y Natural - GreenWay International Corp\",\"isPartOf\":{\"@id\":\"https:\\\/\\\/greenwaypr.com\\\/en\\\/#website\"},\"primaryImageOfPage\":{\"@id\":\"https:\\\/\\\/greenwaypr.com\\\/en\\\/producto\\\/productos-de-bano-y-limpieza\\\/descontaminante-universal-y-natural\\\/#primaryimage\"},\"image\":{\"@id\":\"https:\\\/\\\/greenwaypr.com\\\/en\\\/producto\\\/productos-de-bano-y-limpieza\\\/descontaminante-universal-y-natural\\\/#primaryimage\"},\"thumbnailUrl\":\"https:\\\/\\\/greenwaypr.com\\\/wp-content\\\/uploads\\\/2025\\\/07\\\/img196.jpg\",\"datePublished\":\"2025-07-06T10:37:59+00:00\",\"dateModified\":\"2025-07-18T23:32:21+00:00\",\"breadcrumb\":{\"@id\":\"https:\\\/\\\/greenwaypr.com\\\/en\\\/producto\\\/productos-de-bano-y-limpieza\\\/descontaminante-universal-y-natural\\\/#breadcrumb\"},\"inLanguage\":\"en-US\",\"potentialAction\":[{\"@type\":\"ReadAction\",\"target\":[\"https:\\\/\\\/greenwaypr.com\\\/en\\\/producto\\\/productos-de-bano-y-limpieza\\\/descontaminante-universal-y-natural\\\/\"]}]},{\"@type\":\"ImageObject\",\"inLanguage\":\"en-US\",\"@id\":\"https:\\\/\\\/greenwaypr.com\\\/en\\\/producto\\\/productos-de-bano-y-limpieza\\\/descontaminante-universal-y-natural\\\/#primaryimage\",\"url\":\"https:\\\/\\\/greenwaypr.com\\\/wp-content\\\/uploads\\\/2025\\\/07\\\/img196.jpg\",\"contentUrl\":\"https:\\\/\\\/greenwaypr.com\\\/wp-content\\\/uploads\\\/2025\\\/07\\\/img196.jpg\",\"width\":600,\"height\":850},{\"@type\":\"BreadcrumbList\",\"@id\":\"https:\\\/\\\/greenwaypr.com\\\/en\\\/producto\\\/productos-de-bano-y-limpieza\\\/descontaminante-universal-y-natural\\\/#breadcrumb\",\"itemListElement\":[{\"@type\":\"ListItem\",\"position\":1,\"name\":\"Portada\",\"item\":\"https:\\\/\\\/greenwaypr.com\\\/en\\\/\"},{\"@type\":\"ListItem\",\"position\":2,\"name\":\"Shop\",\"item\":\"https:\\\/\\\/greenwaypr.com\\\/en\\\/shop\\\/\"},{\"@type\":\"ListItem\",\"position\":3,\"name\":\"Descontaminante Universal y Natural\"}]},{\"@type\":\"WebSite\",\"@id\":\"https:\\\/\\\/greenwaypr.com\\\/en\\\/#website\",\"url\":\"https:\\\/\\\/greenwaypr.com\\\/en\\\/\",\"name\":\"GreenWay International Corp\",\"description\":\"Working hard today for a better future\",\"publisher\":{\"@id\":\"https:\\\/\\\/greenwaypr.com\\\/en\\\/#organization\"},\"potentialAction\":[{\"@type\":\"SearchAction\",\"target\":{\"@type\":\"EntryPoint\",\"urlTemplate\":\"https:\\\/\\\/greenwaypr.com\\\/en\\\/?s={search_term_string}\"},\"query-input\":{\"@type\":\"PropertyValueSpecification\",\"valueRequired\":true,\"valueName\":\"search_term_string\"}}],\"inLanguage\":\"en-US\"},{\"@type\":\"Organization\",\"@id\":\"https:\\\/\\\/greenwaypr.com\\\/en\\\/#organization\",\"name\":\"Greenway\",\"url\":\"https:\\\/\\\/greenwaypr.com\\\/en\\\/\",\"logo\":{\"@type\":\"ImageObject\",\"inLanguage\":\"en-US\",\"@id\":\"https:\\\/\\\/greenwaypr.com\\\/en\\\/#\\\/schema\\\/logo\\\/image\\\/\",\"url\":\"https:\\\/\\\/greenwaypr.com\\\/wp-content\\\/uploads\\\/2025\\\/05\\\/LOGO-GREENWAY-V1.1-COLOR.svg\",\"contentUrl\":\"https:\\\/\\\/greenwaypr.com\\\/wp-content\\\/uploads\\\/2025\\\/05\\\/LOGO-GREENWAY-V1.1-COLOR.svg\",\"width\":1403,\"height\":415,\"caption\":\"Greenway\"},\"image\":{\"@id\":\"https:\\\/\\\/greenwaypr.com\\\/en\\\/#\\\/schema\\\/logo\\\/image\\\/\"}}]}<\/script>\n<!-- \/ Yoast SEO plugin. -->","yoast_head_json":{"title":"Descontaminante Universal y Natural - GreenWay International Corp","robots":{"index":"index","follow":"follow","max-snippet":"max-snippet:-1","max-image-preview":"max-image-preview:large","max-video-preview":"max-video-preview:-1"},"canonical":"https:\/\/greenwaypr.com\/en\/producto\/productos-de-bano-y-limpieza\/descontaminante-universal-y-natural\/","og_locale":"en_US","og_type":"article","og_title":"Descontaminante Universal y Natural - GreenWay International Corp","og_description":"\ud83e\uddf4 Eco Chem Health+ Bacteria &amp; Virus Blaster Formula 80X \u2013 Desinfectante Universal y Natural Limpieza total, sin qu\u00edmicos agresivos. Descubre la potencia de la desinfecci\u00f3n con Eco Chem Health+, una f\u00f3rmula revolucionaria 80 veces m\u00e1s poderosa que el cloro, ideal para hogares, oficinas, cl\u00ednicas, negocios y cualquier espacio que requiera una higiene profunda sin comprometer la salud ni el medio ambiente. \u2705 Beneficios clave:   \ud83c\udf31 100% natural, no t\u00f3xico y biodegradable  \ud83d\udcaa Elimina el 99.999% de bacterias, virus, hongos y esporas  \ud83c\udf38 Neutraliza malos olores sin enmascararlos  \ud83e\uddfc No mancha, no irrita ni es corrosivo  \ud83d\udc36 Seguro para humanos y mascotas  \ud83c\udf0a Soluci\u00f3n electro-activada de \u00faltima generaci\u00f3n, con pH neutro y estabilidad garantizada  \ud83e\uddea Ideal para:   Superficies en contacto con alimentos  \u00c1reas infantiles o veterinarias  Veh\u00edculos, textiles, cocinas, ba\u00f1os, y m\u00e1s  Presentaci\u00f3n:   1 gal\u00f3n + botella dispensadora de 500 ml","og_url":"https:\/\/greenwaypr.com\/en\/producto\/productos-de-bano-y-limpieza\/descontaminante-universal-y-natural\/","og_site_name":"GreenWay International Corp","article_modified_time":"2025-07-18T23:32:21+00:00","og_image":[{"width":600,"height":850,"url":"https:\/\/greenwaypr.com\/wp-content\/uploads\/2025\/07\/img196.jpg","type":"image\/jpeg"}],"twitter_card":"summary_large_image","twitter_misc":{"Est. reading time":"1 minute"},"schema":{"@context":"https:\/\/schema.org","@graph":[{"@type":"WebPage","@id":"https:\/\/greenwaypr.com\/en\/producto\/productos-de-bano-y-limpieza\/descontaminante-universal-y-natural\/","url":"https:\/\/greenwaypr.com\/en\/producto\/productos-de-bano-y-limpieza\/descontaminante-universal-y-natural\/","name":"Descontaminante Universal y Natural - GreenWay International Corp","isPartOf":{"@id":"https:\/\/greenwaypr.com\/en\/#website"},"primaryImageOfPage":{"@id":"https:\/\/greenwaypr.com\/en\/producto\/productos-de-bano-y-limpieza\/descontaminante-universal-y-natural\/#primaryimage"},"image":{"@id":"https:\/\/greenwaypr.com\/en\/producto\/productos-de-bano-y-limpieza\/descontaminante-universal-y-natural\/#primaryimage"},"thumbnailUrl":"https:\/\/greenwaypr.com\/wp-content\/uploads\/2025\/07\/img196.jpg","datePublished":"2025-07-06T10:37:59+00:00","dateModified":"2025-07-18T23:32:21+00:00","breadcrumb":{"@id":"https:\/\/greenwaypr.com\/en\/producto\/productos-de-bano-y-limpieza\/descontaminante-universal-y-natural\/#breadcrumb"},"inLanguage":"en-US","potentialAction":[{"@type":"ReadAction","target":["https:\/\/greenwaypr.com\/en\/producto\/productos-de-bano-y-limpieza\/descontaminante-universal-y-natural\/"]}]},{"@type":"ImageObject","inLanguage":"en-US","@id":"https:\/\/greenwaypr.com\/en\/producto\/productos-de-bano-y-limpieza\/descontaminante-universal-y-natural\/#primaryimage","url":"https:\/\/greenwaypr.com\/wp-content\/uploads\/2025\/07\/img196.jpg","contentUrl":"https:\/\/greenwaypr.com\/wp-content\/uploads\/2025\/07\/img196.jpg","width":600,"height":850},{"@type":"BreadcrumbList","@id":"https:\/\/greenwaypr.com\/en\/producto\/productos-de-bano-y-limpieza\/descontaminante-universal-y-natural\/#breadcrumb","itemListElement":[{"@type":"ListItem","position":1,"name":"Portada","item":"https:\/\/greenwaypr.com\/en\/"},{"@type":"ListItem","position":2,"name":"Shop","item":"https:\/\/greenwaypr.com\/en\/shop\/"},{"@type":"ListItem","position":3,"name":"Descontaminante Universal y Natural"}]},{"@type":"WebSite","@id":"https:\/\/greenwaypr.com\/en\/#website","url":"https:\/\/greenwaypr.com\/en\/","name":"GreenWay International Corp","description":"Working hard today for a better future","publisher":{"@id":"https:\/\/greenwaypr.com\/en\/#organization"},"potentialAction":[{"@type":"SearchAction","target":{"@type":"EntryPoint","urlTemplate":"https:\/\/greenwaypr.com\/en\/?s={search_term_string}"},"query-input":{"@type":"PropertyValueSpecification","valueRequired":true,"valueName":"search_term_string"}}],"inLanguage":"en-US"},{"@type":"Organization","@id":"https:\/\/greenwaypr.com\/en\/#organization","name":"Greenway","url":"https:\/\/greenwaypr.com\/en\/","logo":{"@type":"ImageObject","inLanguage":"en-US","@id":"https:\/\/greenwaypr.com\/en\/#\/schema\/logo\/image\/","url":"https:\/\/greenwaypr.com\/wp-content\/uploads\/2025\/05\/LOGO-GREENWAY-V1.1-COLOR.svg","contentUrl":"https:\/\/greenwaypr.com\/wp-content\/uploads\/2025\/05\/LOGO-GREENWAY-V1.1-COLOR.svg","width":1403,"height":415,"caption":"Greenway"},"image":{"@id":"https:\/\/greenwaypr.com\/en\/#\/schema\/logo\/image\/"}}]}},"_links":{"self":[{"href":"https:\/\/greenwaypr.com\/en\/wp-json\/wp\/v2\/product\/1126","targetHints":{"allow":["GET"]}}],"collection":[{"href":"https:\/\/greenwaypr.com\/en\/wp-json\/wp\/v2\/product"}],"about":[{"href":"https:\/\/greenwaypr.com\/en\/wp-json\/wp\/v2\/types\/product"}],"wp:featuredmedia":[{"embeddable":true,"href":"https:\/\/greenwaypr.com\/en\/wp-json\/wp\/v2\/media\/1127"}],"wp:attachment":[{"href":"https:\/\/greenwaypr.com\/en\/wp-json\/wp\/v2\/media?parent=1126"}],"wp:term":[{"taxonomy":"product_brand","embeddable":true,"href":"https:\/\/greenwaypr.com\/en\/wp-json\/wp\/v2\/product_brand?post=1126"},{"taxonomy":"product_cat","embeddable":true,"href":"https:\/\/greenwaypr.com\/en\/wp-json\/wp\/v2\/product_cat?post=1126"},{"taxonomy":"product_tag","embeddable":true,"href":"https:\/\/greenwaypr.com\/en\/wp-json\/wp\/v2\/product_tag?post=1126"}],"curies":[{"name":"wp","href":"https:\/\/api.w.org\/{rel}","templated":true}]}}