{"id":1120,"date":"2025-07-06T10:31:55","date_gmt":"2025-07-06T10:31:55","guid":{"rendered":"https:\/\/greenwaypr.com\/?post_type=product&#038;p=1120"},"modified":"2025-07-18T23:32:22","modified_gmt":"2025-07-18T23:32:22","slug":"toallitas-desinfectantes-contiene-80-toallitas-con-aroma-a-limon","status":"publish","type":"product","link":"https:\/\/greenwaypr.com\/en\/producto\/productos-de-bano-y-limpieza\/toallitas-desinfectantes-contiene-80-toallitas-con-aroma-a-limon\/","title":{"rendered":"Toallitas Desinfectantes (Contiene 80 Toallitas con aroma a lim\u00f3n)"},"content":{"rendered":"","protected":false},"excerpt":{"rendered":"<div class=\"flex basis-auto flex-col -mb-(--composer-overlap-px) [--composer-overlap-px:55px] grow overflow-hidden\">\n<div class=\"relative h-full\">\n<div class=\"flex h-full flex-col overflow-y-auto [scrollbar-gutter:stable_both-edges] @[84rem]\/thread:pt-(--header-height)\">\n<div class=\"@thread-xl\/thread:pt-header-height flex flex-col text-sm pb-25\">\n<article class=\"text-token-text-primary w-full\" dir=\"auto\" data-testid=\"conversation-turn-2\" data-scroll-anchor=\"true\">\n<div class=\"text-base my-auto mx-auto py-5 [--thread-content-margin:--spacing(4)] @[37rem]:[--thread-content-margin:--spacing(6)] @[72rem]:[--thread-content-margin:--spacing(16)] px-(--thread-content-margin)\">\n<div class=\"[--thread-content-max-width:32rem] @[34rem]:[--thread-content-max-width:40rem] @[64rem]:[--thread-content-max-width:48rem] mx-auto flex max-w-(--thread-content-max-width) flex-1 text-base gap-4 md:gap-5 lg:gap-6 group\/turn-messages focus-visible:outline-hidden\" tabindex=\"-1\">\n<div class=\"group\/conversation-turn relative flex w-full min-w-0 flex-col agent-turn\">\n<div class=\"relative flex-col gap-1 md:gap-3\">\n<div class=\"flex max-w-full flex-col grow\">\n<div class=\"min-h-8 text-message relative flex w-full flex-col items-end gap-2 text-start break-words whitespace-normal [.text-message+&amp;]:mt-5\" dir=\"auto\" data-message-author-role=\"assistant\" data-message-id=\"fa1e4f69-85e7-47eb-8ca6-5d3356c72870\" data-message-model-slug=\"gpt-4o\">\n<div class=\"flex w-full flex-col gap-1 empty:hidden first:pt-[3px]\">\n<div class=\"markdown prose dark:prose-invert w-full break-words light\">\n<p data-start=\"231\" data-end=\"872\">Limpieza r\u00e1pida y eficaz al alcance de tu mano. Estas toallitas h\u00famedas antibacterianas eliminan el 99.9% de los g\u00e9rmenes, ideal para uso en casa, oficina, coche o durante viajes. Con un agradable aroma a lim\u00f3n, refrescan al mismo tiempo que desinfectan.<br \/>\nF\u00f3rmula antibacterial<br \/>\n80 toallitas por envase<br \/>\nTama\u00f1o de cada toallita: 5.5 x 7.1 pulgadas (14 x 18 cm)<br \/>\nEspecial para manos y superficies<br \/>\nNo requiere enjuague<\/p>\n<\/div>\n<\/div>\n<\/div>\n<\/div>\n<\/div>\n<\/div>\n<\/div>\n<\/div>\n<\/article>\n<div><\/div>\n<div><\/div>\n<\/div>\n<\/div>\n<\/div>\n<\/div>\n<div id=\"thread-bottom-container\" class=\"content-fade relative isolate z-10 w-full basis-auto has-data-has-thread-error:pt-2 has-data-has-thread-error:[box-shadow:var(--sharp-edge-bottom-shadow)] md:border-transparent md:pt-0 dark:border-white\/20 md:dark:border-transparent flex flex-col\">\n<div id=\"thread-bottom\">\n<div class=\"text-base mx-auto [--thread-content-margin:--spacing(4)] @[37rem]:[--thread-content-margin:--spacing(6)] @[72rem]:[--thread-content-margin:--spacing(16)] px-(--thread-content-margin)\">\n<div class=\"[--thread-content-max-width:32rem] @[34rem]:[--thread-content-max-width:40rem] @[64rem]:[--thread-content-max-width:48rem] mx-auto flex max-w-(--thread-content-max-width) flex-1 text-base gap-4 md:gap-5 lg:gap-6\">\n<div class=\"flex justify-center empty:hidden\"><\/div>\n<div class=\"max-xs:[--force-hide-label:none] relative z-1 flex h-full max-w-full flex-1 flex-col\" role=\"button\" aria-haspopup=\"dialog\" aria-expanded=\"false\" aria-controls=\"radix-\u00abrps\u00bb\" data-state=\"closed\">\n<div class=\"absolute start-0 end-0 bottom-full z-20\"><\/div>\n<form class=\"w-full [view-transition-name:var(--vt-composer)]\" role=\"region\" aria-label=\"Compositor de mensajes\" data-type=\"unified-composer\">\n<div class=\"bg-token-bg-primary flex w-full cursor-text flex-col items-center justify-center overflow-clip bg-clip-padding contain-inline-size dark:bg-[#303030] shadow-short rounded-[28px]\">\n<div class=\"relative flex w-full items-end px-2.5 py-2.5\">\n<div class=\"relative flex w-full flex-auto flex-col\">\n<div class=\"relative mx-2.5 grid grid-cols-[auto_minmax(0,1fr)]\">\n<div class=\"items-top flex justify-center\">\n<div><\/div>\n<\/div>\n<\/div>\n<\/div>\n<\/div>\n<\/div>\n<\/form>\n<\/div>\n<\/div>\n<\/div>\n<\/div>\n<\/div>\n","protected":false},"featured_media":1121,"template":"","meta":[],"product_brand":[],"product_cat":[106],"product_tag":[],"class_list":{"0":"post-1120","1":"product","2":"type-product","3":"status-publish","4":"has-post-thumbnail","6":"product_cat-productos-de-bano-y-limpieza","8":"first","9":"instock","10":"taxable","11":"shipping-taxable","12":"purchasable","13":"product-type-simple"},"yoast_head":"<!-- This site is optimized with the Yoast SEO plugin v27.4 - https:\/\/yoast.com\/product\/yoast-seo-wordpress\/ -->\n<title>Toallitas Desinfectantes (Contiene 80 Toallitas con aroma a lim\u00f3n) - GreenWay International Corp<\/title>\n<meta name=\"description\" content=\"WIPE OUT! \u2013 Toallitas Antibacterianas con Aroma a Lim\u00f3n (80 unidades)\" \/>\n<meta name=\"robots\" content=\"index, follow, max-snippet:-1, max-image-preview:large, max-video-preview:-1\" \/>\n<link rel=\"canonical\" href=\"https:\/\/greenwaypr.com\/en\/producto\/productos-de-bano-y-limpieza\/toallitas-desinfectantes-contiene-80-toallitas-con-aroma-a-limon\/\" \/>\n<meta property=\"og:locale\" content=\"en_US\" \/>\n<meta property=\"og:type\" content=\"article\" \/>\n<meta property=\"og:title\" content=\"Toallitas Desinfectantes (Contiene 80 Toallitas con aroma a lim\u00f3n) - GreenWay International Corp\" \/>\n<meta property=\"og:description\" content=\"WIPE OUT! \u2013 Toallitas Antibacterianas con Aroma a Lim\u00f3n (80 unidades)\" \/>\n<meta property=\"og:url\" content=\"https:\/\/greenwaypr.com\/en\/producto\/productos-de-bano-y-limpieza\/toallitas-desinfectantes-contiene-80-toallitas-con-aroma-a-limon\/\" \/>\n<meta property=\"og:site_name\" content=\"GreenWay International Corp\" \/>\n<meta property=\"article:modified_time\" content=\"2025-07-18T23:32:22+00:00\" \/>\n<meta property=\"og:image\" content=\"https:\/\/greenwaypr.com\/wp-content\/uploads\/2025\/07\/img191.jpg\" \/>\n\t<meta property=\"og:image:width\" content=\"866\" \/>\n\t<meta property=\"og:image:height\" content=\"862\" \/>\n\t<meta property=\"og:image:type\" content=\"image\/jpeg\" \/>\n<meta name=\"twitter:card\" content=\"summary_large_image\" \/>\n<meta name=\"twitter:label1\" content=\"Est. reading time\" \/>\n\t<meta name=\"twitter:data1\" content=\"1 minute\" \/>\n<script type=\"application\/ld+json\" class=\"yoast-schema-graph\">{\"@context\":\"https:\\\/\\\/schema.org\",\"@graph\":[{\"@type\":\"WebPage\",\"@id\":\"https:\\\/\\\/greenwaypr.com\\\/en\\\/producto\\\/productos-de-bano-y-limpieza\\\/toallitas-desinfectantes-contiene-80-toallitas-con-aroma-a-limon\\\/\",\"url\":\"https:\\\/\\\/greenwaypr.com\\\/en\\\/producto\\\/productos-de-bano-y-limpieza\\\/toallitas-desinfectantes-contiene-80-toallitas-con-aroma-a-limon\\\/\",\"name\":\"Toallitas Desinfectantes (Contiene 80 Toallitas con aroma a lim\u00f3n) - GreenWay International Corp\",\"isPartOf\":{\"@id\":\"https:\\\/\\\/greenwaypr.com\\\/en\\\/#website\"},\"primaryImageOfPage\":{\"@id\":\"https:\\\/\\\/greenwaypr.com\\\/en\\\/producto\\\/productos-de-bano-y-limpieza\\\/toallitas-desinfectantes-contiene-80-toallitas-con-aroma-a-limon\\\/#primaryimage\"},\"image\":{\"@id\":\"https:\\\/\\\/greenwaypr.com\\\/en\\\/producto\\\/productos-de-bano-y-limpieza\\\/toallitas-desinfectantes-contiene-80-toallitas-con-aroma-a-limon\\\/#primaryimage\"},\"thumbnailUrl\":\"https:\\\/\\\/greenwaypr.com\\\/wp-content\\\/uploads\\\/2025\\\/07\\\/img191.jpg\",\"datePublished\":\"2025-07-06T10:31:55+00:00\",\"dateModified\":\"2025-07-18T23:32:22+00:00\",\"description\":\"WIPE OUT! \u2013 Toallitas Antibacterianas con Aroma a Lim\u00f3n (80 unidades)\",\"breadcrumb\":{\"@id\":\"https:\\\/\\\/greenwaypr.com\\\/en\\\/producto\\\/productos-de-bano-y-limpieza\\\/toallitas-desinfectantes-contiene-80-toallitas-con-aroma-a-limon\\\/#breadcrumb\"},\"inLanguage\":\"en-US\",\"potentialAction\":[{\"@type\":\"ReadAction\",\"target\":[\"https:\\\/\\\/greenwaypr.com\\\/en\\\/producto\\\/productos-de-bano-y-limpieza\\\/toallitas-desinfectantes-contiene-80-toallitas-con-aroma-a-limon\\\/\"]}]},{\"@type\":\"ImageObject\",\"inLanguage\":\"en-US\",\"@id\":\"https:\\\/\\\/greenwaypr.com\\\/en\\\/producto\\\/productos-de-bano-y-limpieza\\\/toallitas-desinfectantes-contiene-80-toallitas-con-aroma-a-limon\\\/#primaryimage\",\"url\":\"https:\\\/\\\/greenwaypr.com\\\/wp-content\\\/uploads\\\/2025\\\/07\\\/img191.jpg\",\"contentUrl\":\"https:\\\/\\\/greenwaypr.com\\\/wp-content\\\/uploads\\\/2025\\\/07\\\/img191.jpg\",\"width\":866,\"height\":862},{\"@type\":\"BreadcrumbList\",\"@id\":\"https:\\\/\\\/greenwaypr.com\\\/en\\\/producto\\\/productos-de-bano-y-limpieza\\\/toallitas-desinfectantes-contiene-80-toallitas-con-aroma-a-limon\\\/#breadcrumb\",\"itemListElement\":[{\"@type\":\"ListItem\",\"position\":1,\"name\":\"Portada\",\"item\":\"https:\\\/\\\/greenwaypr.com\\\/en\\\/\"},{\"@type\":\"ListItem\",\"position\":2,\"name\":\"Shop\",\"item\":\"https:\\\/\\\/greenwaypr.com\\\/en\\\/shop\\\/\"},{\"@type\":\"ListItem\",\"position\":3,\"name\":\"Toallitas Desinfectantes (Contiene 80 Toallitas con aroma a lim\u00f3n)\"}]},{\"@type\":\"WebSite\",\"@id\":\"https:\\\/\\\/greenwaypr.com\\\/en\\\/#website\",\"url\":\"https:\\\/\\\/greenwaypr.com\\\/en\\\/\",\"name\":\"GreenWay International Corp\",\"description\":\"Working hard today for a better future\",\"publisher\":{\"@id\":\"https:\\\/\\\/greenwaypr.com\\\/en\\\/#organization\"},\"potentialAction\":[{\"@type\":\"SearchAction\",\"target\":{\"@type\":\"EntryPoint\",\"urlTemplate\":\"https:\\\/\\\/greenwaypr.com\\\/en\\\/?s={search_term_string}\"},\"query-input\":{\"@type\":\"PropertyValueSpecification\",\"valueRequired\":true,\"valueName\":\"search_term_string\"}}],\"inLanguage\":\"en-US\"},{\"@type\":\"Organization\",\"@id\":\"https:\\\/\\\/greenwaypr.com\\\/en\\\/#organization\",\"name\":\"Greenway\",\"url\":\"https:\\\/\\\/greenwaypr.com\\\/en\\\/\",\"logo\":{\"@type\":\"ImageObject\",\"inLanguage\":\"en-US\",\"@id\":\"https:\\\/\\\/greenwaypr.com\\\/en\\\/#\\\/schema\\\/logo\\\/image\\\/\",\"url\":\"https:\\\/\\\/greenwaypr.com\\\/wp-content\\\/uploads\\\/2025\\\/05\\\/LOGO-GREENWAY-V1.1-COLOR.svg\",\"contentUrl\":\"https:\\\/\\\/greenwaypr.com\\\/wp-content\\\/uploads\\\/2025\\\/05\\\/LOGO-GREENWAY-V1.1-COLOR.svg\",\"width\":1403,\"height\":415,\"caption\":\"Greenway\"},\"image\":{\"@id\":\"https:\\\/\\\/greenwaypr.com\\\/en\\\/#\\\/schema\\\/logo\\\/image\\\/\"}}]}<\/script>\n<!-- \/ Yoast SEO plugin. -->","yoast_head_json":{"title":"Toallitas Desinfectantes (Contiene 80 Toallitas con aroma a lim\u00f3n) - GreenWay International Corp","description":"WIPE OUT! \u2013 Toallitas Antibacterianas con Aroma a Lim\u00f3n (80 unidades)","robots":{"index":"index","follow":"follow","max-snippet":"max-snippet:-1","max-image-preview":"max-image-preview:large","max-video-preview":"max-video-preview:-1"},"canonical":"https:\/\/greenwaypr.com\/en\/producto\/productos-de-bano-y-limpieza\/toallitas-desinfectantes-contiene-80-toallitas-con-aroma-a-limon\/","og_locale":"en_US","og_type":"article","og_title":"Toallitas Desinfectantes (Contiene 80 Toallitas con aroma a lim\u00f3n) - GreenWay International Corp","og_description":"WIPE OUT! \u2013 Toallitas Antibacterianas con Aroma a Lim\u00f3n (80 unidades)","og_url":"https:\/\/greenwaypr.com\/en\/producto\/productos-de-bano-y-limpieza\/toallitas-desinfectantes-contiene-80-toallitas-con-aroma-a-limon\/","og_site_name":"GreenWay International Corp","article_modified_time":"2025-07-18T23:32:22+00:00","og_image":[{"width":866,"height":862,"url":"https:\/\/greenwaypr.com\/wp-content\/uploads\/2025\/07\/img191.jpg","type":"image\/jpeg"}],"twitter_card":"summary_large_image","twitter_misc":{"Est. reading time":"1 minute"},"schema":{"@context":"https:\/\/schema.org","@graph":[{"@type":"WebPage","@id":"https:\/\/greenwaypr.com\/en\/producto\/productos-de-bano-y-limpieza\/toallitas-desinfectantes-contiene-80-toallitas-con-aroma-a-limon\/","url":"https:\/\/greenwaypr.com\/en\/producto\/productos-de-bano-y-limpieza\/toallitas-desinfectantes-contiene-80-toallitas-con-aroma-a-limon\/","name":"Toallitas Desinfectantes (Contiene 80 Toallitas con aroma a lim\u00f3n) - GreenWay International Corp","isPartOf":{"@id":"https:\/\/greenwaypr.com\/en\/#website"},"primaryImageOfPage":{"@id":"https:\/\/greenwaypr.com\/en\/producto\/productos-de-bano-y-limpieza\/toallitas-desinfectantes-contiene-80-toallitas-con-aroma-a-limon\/#primaryimage"},"image":{"@id":"https:\/\/greenwaypr.com\/en\/producto\/productos-de-bano-y-limpieza\/toallitas-desinfectantes-contiene-80-toallitas-con-aroma-a-limon\/#primaryimage"},"thumbnailUrl":"https:\/\/greenwaypr.com\/wp-content\/uploads\/2025\/07\/img191.jpg","datePublished":"2025-07-06T10:31:55+00:00","dateModified":"2025-07-18T23:32:22+00:00","description":"WIPE OUT! \u2013 Toallitas Antibacterianas con Aroma a Lim\u00f3n (80 unidades)","breadcrumb":{"@id":"https:\/\/greenwaypr.com\/en\/producto\/productos-de-bano-y-limpieza\/toallitas-desinfectantes-contiene-80-toallitas-con-aroma-a-limon\/#breadcrumb"},"inLanguage":"en-US","potentialAction":[{"@type":"ReadAction","target":["https:\/\/greenwaypr.com\/en\/producto\/productos-de-bano-y-limpieza\/toallitas-desinfectantes-contiene-80-toallitas-con-aroma-a-limon\/"]}]},{"@type":"ImageObject","inLanguage":"en-US","@id":"https:\/\/greenwaypr.com\/en\/producto\/productos-de-bano-y-limpieza\/toallitas-desinfectantes-contiene-80-toallitas-con-aroma-a-limon\/#primaryimage","url":"https:\/\/greenwaypr.com\/wp-content\/uploads\/2025\/07\/img191.jpg","contentUrl":"https:\/\/greenwaypr.com\/wp-content\/uploads\/2025\/07\/img191.jpg","width":866,"height":862},{"@type":"BreadcrumbList","@id":"https:\/\/greenwaypr.com\/en\/producto\/productos-de-bano-y-limpieza\/toallitas-desinfectantes-contiene-80-toallitas-con-aroma-a-limon\/#breadcrumb","itemListElement":[{"@type":"ListItem","position":1,"name":"Portada","item":"https:\/\/greenwaypr.com\/en\/"},{"@type":"ListItem","position":2,"name":"Shop","item":"https:\/\/greenwaypr.com\/en\/shop\/"},{"@type":"ListItem","position":3,"name":"Toallitas Desinfectantes (Contiene 80 Toallitas con aroma a lim\u00f3n)"}]},{"@type":"WebSite","@id":"https:\/\/greenwaypr.com\/en\/#website","url":"https:\/\/greenwaypr.com\/en\/","name":"GreenWay International Corp","description":"Working hard today for a better future","publisher":{"@id":"https:\/\/greenwaypr.com\/en\/#organization"},"potentialAction":[{"@type":"SearchAction","target":{"@type":"EntryPoint","urlTemplate":"https:\/\/greenwaypr.com\/en\/?s={search_term_string}"},"query-input":{"@type":"PropertyValueSpecification","valueRequired":true,"valueName":"search_term_string"}}],"inLanguage":"en-US"},{"@type":"Organization","@id":"https:\/\/greenwaypr.com\/en\/#organization","name":"Greenway","url":"https:\/\/greenwaypr.com\/en\/","logo":{"@type":"ImageObject","inLanguage":"en-US","@id":"https:\/\/greenwaypr.com\/en\/#\/schema\/logo\/image\/","url":"https:\/\/greenwaypr.com\/wp-content\/uploads\/2025\/05\/LOGO-GREENWAY-V1.1-COLOR.svg","contentUrl":"https:\/\/greenwaypr.com\/wp-content\/uploads\/2025\/05\/LOGO-GREENWAY-V1.1-COLOR.svg","width":1403,"height":415,"caption":"Greenway"},"image":{"@id":"https:\/\/greenwaypr.com\/en\/#\/schema\/logo\/image\/"}}]}},"_links":{"self":[{"href":"https:\/\/greenwaypr.com\/en\/wp-json\/wp\/v2\/product\/1120","targetHints":{"allow":["GET"]}}],"collection":[{"href":"https:\/\/greenwaypr.com\/en\/wp-json\/wp\/v2\/product"}],"about":[{"href":"https:\/\/greenwaypr.com\/en\/wp-json\/wp\/v2\/types\/product"}],"wp:featuredmedia":[{"embeddable":true,"href":"https:\/\/greenwaypr.com\/en\/wp-json\/wp\/v2\/media\/1121"}],"wp:attachment":[{"href":"https:\/\/greenwaypr.com\/en\/wp-json\/wp\/v2\/media?parent=1120"}],"wp:term":[{"taxonomy":"product_brand","embeddable":true,"href":"https:\/\/greenwaypr.com\/en\/wp-json\/wp\/v2\/product_brand?post=1120"},{"taxonomy":"product_cat","embeddable":true,"href":"https:\/\/greenwaypr.com\/en\/wp-json\/wp\/v2\/product_cat?post=1120"},{"taxonomy":"product_tag","embeddable":true,"href":"https:\/\/greenwaypr.com\/en\/wp-json\/wp\/v2\/product_tag?post=1120"}],"curies":[{"name":"wp","href":"https:\/\/api.w.org\/{rel}","templated":true}]}}